{"id":46676,"date":"2022-10-10T10:47:56","date_gmt":"2022-10-10T08:47:56","guid":{"rendered":"https:\/\/impro.yoho.pl\/program-bp2-eshop\/"},"modified":"2022-12-19T11:06:27","modified_gmt":"2022-12-19T10:06:27","slug":"bp2-eshop","status":"publish","type":"page","link":"https:\/\/impro.yoho.pl\/hu\/bp2-eshop\/","title":{"rendered":"BP2 ESHOP"},"content":{"rendered":"\n<div class=\"wp-block-group is-style-with-b2-background\"><div class=\"wp-block-group__inner-container is-layout-flow wp-block-group-is-layout-flow\">\n<div style=\"height:100px\" aria-hidden=\"true\" class=\"wp-block-spacer is-style-small-spacer\"><\/div>\n\n\n\n<p class=\"has-text-align-center noMarginBottom has-red-color has-text-color\"><strong><strong><strong>\u00ceNCEPE\u021aI S\u0102 VINDE\u021aI ONLINE F\u0102R\u0102 RESTRIC\u021aII<\/strong><\/strong><\/strong><\/p>\n\n\n\n<h2 class=\"has-text-align-center noMarginTop noMarginBottom is-style-h1 wp-block-heading\" style=\"font-size:3.5em\"><strong>MAGAZIN ONLINE IMPRO<\/strong><\/h2>\n\n\n\n<div style=\"height:100px\" aria-hidden=\"true\" class=\"wp-block-spacer is-style-small-spacer\"><\/div>\n<\/div><\/div>\n\n\n\n<div class=\"wp-block-group is-style-narrower-group\"><div class=\"wp-block-group__inner-container is-layout-flow wp-block-group-is-layout-flow\">\n<p class=\"has-text-align-center\" style=\"font-size:22px\">O platform\u0103 de v\u00e2nz\u0103ri online administrat\u0103 de IMPRO \u00eempreun\u0103 cu un distribuitor autorizat. Func\u021bionarea corect\u0103 a platformei, din punct de vedere tehnic, este garantat\u0103 \u00een totalitate de IMPRO. Distribuitorul este liber s\u0103-\u0219i personalizeze website-ul \u0219i oferta, precum \u0219i condi\u021biile comerciale.<\/p>\n<\/div><\/div>\n\n\n\n<div style=\"height:100px\" aria-hidden=\"true\" class=\"wp-block-spacer is-style-smaller-spacer\"><\/div>\n\n\n\n<div class=\"wp-block-group\"><div class=\"wp-block-group__inner-container is-layout-flow wp-block-group-is-layout-flow\">\n<div class=\"wp-block-columns is-style-grid fade-in is-layout-flex wp-container-core-columns-is-layout-1 wp-block-columns-is-layout-flex\">\n<div class=\"wp-block-column is-layout-flow wp-block-column-is-layout-flow\">\n<div class=\"wp-block-cover is-light is-style-full-height\"><span aria-hidden=\"true\" class=\"wp-block-cover__background has-background-dim-0 has-background-dim\"><\/span><img loading=\"lazy\" decoding=\"async\" width=\"1306\" height=\"1864\" class=\"wp-block-cover__image-background wp-image-31207\" alt=\"\" src=\"https:\/\/impro.yoho.pl\/wp-content\/uploads\/2022\/10\/BPACK.jpg\" style=\"object-position:33% 46%\" data-object-fit=\"cover\" data-object-position=\"33% 46%\" srcset=\"https:\/\/impro.yoho.pl\/wp-content\/uploads\/2022\/10\/BPACK.jpg 1306w, https:\/\/impro.yoho.pl\/wp-content\/uploads\/2022\/10\/BPACK-673x960.jpg 673w, https:\/\/impro.yoho.pl\/wp-content\/uploads\/2022\/10\/BPACK-717x1024.jpg 717w, https:\/\/impro.yoho.pl\/wp-content\/uploads\/2022\/10\/BPACK-768x1096.jpg 768w, https:\/\/impro.yoho.pl\/wp-content\/uploads\/2022\/10\/BPACK-1076x1536.jpg 1076w\" sizes=\"(max-width: 1306px) 100vw, 1306px\" \/><div class=\"wp-block-cover__inner-container is-layout-flow wp-block-cover-is-layout-flow\">\n<p class=\"has-text-align-center\"><\/p>\n<\/div><\/div>\n<\/div>\n\n\n\n<div class=\"wp-block-column is-vertically-aligned-center is-layout-flow wp-block-column-is-layout-flow\">\n<div class=\"wp-block-cover is-light is-style-full-width wp-duotone-8c00b7-fcff41-1\"><span aria-hidden=\"true\" class=\"wp-block-cover__background has-dark-gray-background-color has-background-dim-100 has-background-dim\"><\/span><div class=\"wp-block-cover__inner-container is-layout-flow wp-block-cover-is-layout-flow\">\n<figure class=\"wp-block-image size-large is-resized\"><img loading=\"lazy\" decoding=\"async\" src=\"https:\/\/impro.yoho.pl\/wp-content\/uploads\/2022\/12\/bp2eshop.svg\" alt=\"\" class=\"wp-image-46330\" width=\"185\" height=\"113\"\/><\/figure>\n\n\n\n<p>V\u00e2nz\u0103rile online au crescut semnificativ \u00een ultimii ani.<strong> Potrivit unui raport realizat de Gemius, p\u00e2n\u0103 la 77% dintre utilizatorii online au folosit cel pu\u021bin o dat\u0103 o metod\u0103 de cump\u0103r\u0103turi online \u00een 2021.<\/strong> Lumea modern\u0103 ne cere s\u0103 ne schimb\u0103m instrumentele de marketing \u0219i modul \u00een care comunic\u0103m cu clien\u021bii, motiv pentru care am decis s\u0103 introducem o solu\u021bie dedicat\u0103 v\u00e2nz\u0103rilor online.<\/p>\n\n\n\n<p>Cu solu\u021bia noastr\u0103, pute\u021bi s\u0103 v\u0103 bucura\u021bi de un magazin online func\u021bional \u0219i atr\u0103g\u0103tor \u00een doar c\u00e2teva zile.<\/p>\n\n\n\n<p>Func\u021bionarea corect\u0103 a platformei, din punct de vedere tehnic, este garantat\u0103 \u00een totalitate de IMPRO. Folosind solu\u021bia noastr\u0103, nu trebuie s\u0103 v\u0103 face\u021bi griji cu privire la securitatea digital\u0103 sau s\u0103 achizi\u021biona\u021bi un server suplimentar pentru spa\u021biu, iar gestionarea magazinului \u00een sine nu necesit\u0103 cuno\u0219tin\u021be tehnice avansate.<\/p>\n\n\n\n<p>Ave\u021bi libertatea de a v\u0103 personaliza site-ul \u0219i oferta, precum \u0219i condi\u021biile comerciale. Clien\u021bii dumneavoastr\u0103 pot s\u0103 se bucure de experien\u021ba cump\u0103r\u0103turilor pe dispozitivul pe care \u0219i-l aleg, iar modulul de plat\u0103 integrat \u00een magazinul online v\u0103 permite s\u0103 \u00eenc\u0103rca\u021bi produsele f\u0103r\u0103 probleme folosind operatorul de pl\u0103\u021bi PayU.<\/p>\n\n\n\n<p><strong>Prin utilizarea solu\u021biei noastre, v\u0103 ve\u021bi putea concentra pe v\u00e2nz\u0103ri, iar noi ne ocup\u0103m de restul. Pentru mai multe informa\u021bii, v\u0103 rug\u0103m s\u0103 contacta\u021bi un reprezentant comercial IMPRO.<\/strong><\/p>\n\n\n\n<a href=\"https:\/\/impro.yoho.pl\/hu\/kapcsolat\/\"  class=\"button button--red \">[CONTACTA\u021aI UN REPREZENTANT COMERCIAL IMPRO]<\/a>\n\n\n<div style=\"height:100px\" aria-hidden=\"true\" class=\"wp-block-spacer\"><\/div>\n<\/div><\/div>\n<\/div>\n<\/div>\n<\/div><\/div>\n\n\n\n<div class=\"wp-block-group has-white-background-color has-background\"><div class=\"wp-block-group__inner-container is-layout-flow wp-block-group-is-layout-flow\">\n<div style=\"height:100px\" aria-hidden=\"true\" class=\"wp-block-spacer is-style-smaller-spacer\"><\/div>\n\n\n\n<div class=\"wp-block-columns is-style-grid is-layout-flex wp-container-core-columns-is-layout-2 wp-block-columns-is-layout-flex\">\n<div class=\"wp-block-column is-layout-flow wp-block-column-is-layout-flow\">\n<div class=\"wp-block-cover is-style-content-from-bottom\"><span aria-hidden=\"true\" class=\"wp-block-cover__background has-background-dim\"><\/span><img loading=\"lazy\" decoding=\"async\" width=\"1306\" height=\"1864\" class=\"wp-block-cover__image-background wp-image-30254\" alt=\"\" src=\"https:\/\/impro.yoho.pl\/wp-content\/uploads\/2022\/09\/50-50-1.jpg\" style=\"object-position:83% 100%\" data-object-fit=\"cover\" data-object-position=\"83% 100%\" srcset=\"https:\/\/impro.yoho.pl\/wp-content\/uploads\/2022\/09\/50-50-1.jpg 1306w, https:\/\/impro.yoho.pl\/wp-content\/uploads\/2022\/09\/50-50-1-673x960.jpg 673w, https:\/\/impro.yoho.pl\/wp-content\/uploads\/2022\/09\/50-50-1-717x1024.jpg 717w, https:\/\/impro.yoho.pl\/wp-content\/uploads\/2022\/09\/50-50-1-768x1096.jpg 768w, https:\/\/impro.yoho.pl\/wp-content\/uploads\/2022\/09\/50-50-1-1076x1536.jpg 1076w\" sizes=\"(max-width: 1306px) 100vw, 1306px\" \/><div class=\"wp-block-cover__inner-container is-layout-flow wp-block-cover-is-layout-flow\">\n<div style=\"height:100px\" aria-hidden=\"true\" class=\"wp-block-spacer is-style-medium-spacer\"><\/div>\n\n\n\n<figure class=\"wp-block-image size-large is-resized\"><img loading=\"lazy\" decoding=\"async\" src=\"https:\/\/impro.yoho.pl\/wp-content\/uploads\/2022\/12\/bp2-50-50.svg\" alt=\"\" class=\"wp-image-46309\" width=\"185\" height=\"113\"\/><\/figure>\n\n\n\n<p class=\"has-white-color has-text-color\">Un program destinat distribuitorilor \u0219i montatorilor, \u00een cadrul c\u0103ruia costurile de produc\u021bie ale \u00eembr\u0103c\u0103mintei de lucru \u0219i ale uneltelor de \u00eenalt\u0103 calitate oferite sunt \u00eemp\u0103r\u021bite 50-50 \u00eentre IMPRO \u0219i client. Produsele poart\u0103 logo-urile partenerilor programului IMPRO 50:50.<\/p>\n\n\n\n<div class=\"wp-block-group\"><div class=\"wp-block-group__inner-container is-layout-flow wp-block-group-is-layout-flow\">\n<a href=\"https:\/\/impro.yoho.pl\/hu\/bp2-50-50\/\"  class=\"button button--red \">AFLA\u021aI MAI MULTE<\/a><\/div><\/div>\n<\/div><\/div>\n<\/div>\n\n\n\n<div class=\"wp-block-column is-layout-flow wp-block-column-is-layout-flow\">\n<div class=\"wp-block-cover is-light is-style-content-from-bottom\"><span aria-hidden=\"true\" class=\"wp-block-cover__background has-background-dim\"><\/span><img loading=\"lazy\" decoding=\"async\" width=\"1306\" height=\"1864\" class=\"wp-block-cover__image-background wp-image-31334\" alt=\"\" src=\"https:\/\/impro.yoho.pl\/wp-content\/uploads\/2022\/10\/AD.jpg\" style=\"object-position:52% 97%\" data-object-fit=\"cover\" data-object-position=\"52% 97%\" srcset=\"https:\/\/impro.yoho.pl\/wp-content\/uploads\/2022\/10\/AD.jpg 1306w, https:\/\/impro.yoho.pl\/wp-content\/uploads\/2022\/10\/AD-673x960.jpg 673w, https:\/\/impro.yoho.pl\/wp-content\/uploads\/2022\/10\/AD-717x1024.jpg 717w, https:\/\/impro.yoho.pl\/wp-content\/uploads\/2022\/10\/AD-768x1096.jpg 768w, https:\/\/impro.yoho.pl\/wp-content\/uploads\/2022\/10\/AD-1076x1536.jpg 1076w\" sizes=\"(max-width: 1306px) 100vw, 1306px\" \/><div class=\"wp-block-cover__inner-container is-layout-flow wp-block-cover-is-layout-flow\">\n<div style=\"height:100px\" aria-hidden=\"true\" class=\"wp-block-spacer is-style-medium-spacer\"><\/div>\n\n\n\n<figure class=\"wp-block-image size-large is-resized\"><img loading=\"lazy\" decoding=\"async\" src=\"https:\/\/impro.yoho.pl\/wp-content\/uploads\/2022\/12\/bp2-ad.svg\" alt=\"\" class=\"wp-image-46316\" width=\"185\" height=\"113\"\/><\/figure>\n\n\n\n<p class=\"has-white-color has-text-color\">Pentru a r\u0103spunde a\u0219tept\u0103rilor distribuitorilor no\u0219tri, am creat un program complet de asisten\u021b\u0103 a v\u00e2nz\u0103rilor produselor IMPRO. \u00cen prezent, activit\u0103\u021bile de sprijin al v\u00e2nz\u0103rilor se concentreaz\u0103 pe marketingul digital \u0219i pe campaniile online la nivel local. Departamentul nostru este preg\u0103tit s\u0103 v\u0103 ofere toate sfaturile necesare.<\/p>\n\n\n\n<div class=\"wp-block-group\"><div class=\"wp-block-group__inner-container is-layout-flow wp-block-group-is-layout-flow\">\n<a href=\"https:\/\/impro.yoho.pl\/hu\/bp2-hivatalos-forgalmazoja\/\"  class=\"button button--red \">AFLA\u021aI MAI MULTE<\/a><\/div><\/div>\n<\/div><\/div>\n<\/div>\n\n\n\n<div class=\"wp-block-column is-layout-flow wp-block-column-is-layout-flow\">\n<div class=\"wp-block-cover is-light is-style-content-from-bottom\"><span aria-hidden=\"true\" class=\"wp-block-cover__background has-background-dim\"><\/span><img loading=\"lazy\" decoding=\"async\" width=\"1306\" height=\"1864\" class=\"wp-block-cover__image-background wp-image-31260\" alt=\"\" src=\"https:\/\/impro.yoho.pl\/wp-content\/uploads\/2022\/10\/BPACK-v2.jpg\" style=\"object-position:54% 90%\" data-object-fit=\"cover\" data-object-position=\"54% 90%\" srcset=\"https:\/\/impro.yoho.pl\/wp-content\/uploads\/2022\/10\/BPACK-v2.jpg 1306w, https:\/\/impro.yoho.pl\/wp-content\/uploads\/2022\/10\/BPACK-v2-673x960.jpg 673w, https:\/\/impro.yoho.pl\/wp-content\/uploads\/2022\/10\/BPACK-v2-717x1024.jpg 717w, https:\/\/impro.yoho.pl\/wp-content\/uploads\/2022\/10\/BPACK-v2-768x1096.jpg 768w, https:\/\/impro.yoho.pl\/wp-content\/uploads\/2022\/10\/BPACK-v2-1076x1536.jpg 1076w\" sizes=\"(max-width: 1306px) 100vw, 1306px\" \/><div class=\"wp-block-cover__inner-container is-layout-flow wp-block-cover-is-layout-flow\">\n<div style=\"height:100px\" aria-hidden=\"true\" class=\"wp-block-spacer is-style-medium-spacer\"><\/div>\n\n\n\n<figure class=\"wp-block-image size-large is-resized\"><img loading=\"lazy\" decoding=\"async\" src=\"https:\/\/impro.yoho.pl\/wp-content\/uploads\/2022\/12\/bp2-bpack.svg\" alt=\"\" class=\"wp-image-46323\" width=\"163\" height=\"113\"\/><\/figure>\n\n\n\n<p class=\"has-white-color has-text-color\">Aceasta este o ac\u021biune de marketing special destinat\u0103 distribuitorilor. Pe baza punctelor acordate de 2 ori pe an prin intermediul serviciului nostru, distribuitorul completeaz\u0103 o lista de material promo\u021bionale oferite \u00een cadrul edi\u021biei curente a programului.<\/p>\n\n\n\n<div class=\"wp-block-group\"><div class=\"wp-block-group__inner-container is-layout-flow wp-block-group-is-layout-flow\">\n<a href=\"https:\/\/impro.yoho.pl\/hu\/bp2-bpack\/\"  class=\"button button--red \">AFLA\u021aI MAI MULTE<\/a><\/div><\/div>\n<\/div><\/div>\n<\/div>\n<\/div>\n\n\n\n<div style=\"height:100px\" aria-hidden=\"true\" class=\"wp-block-spacer is-style-small-spacer\"><\/div>\n<\/div><\/div>\n\n\n\n<div style=\"height:100px\" aria-hidden=\"true\" class=\"wp-block-spacer is-style-smaller-spacer\"><\/div>\n","protected":false},"excerpt":{"rendered":"<p>\u00ceNCEPE\u021aI S\u0102 VINDE\u021aI ONLINE F\u0102R\u0102 RESTRIC\u021aII MAGAZIN ONLINE IMPRO O platform\u0103 de v\u00e2nz\u0103ri online administrat\u0103 de IMPRO \u00eempreun\u0103 cu un distribuitor autorizat. Func\u021bionarea corect\u0103 a platformei, din punct de vedere tehnic, este garantat\u0103 \u00een totalitate de IMPRO. Distribuitorul este liber s\u0103-\u0219i personalizeze website-ul \u0219i oferta, precum \u0219i condi\u021biile comerciale.<\/p>\n","protected":false},"author":6,"featured_media":0,"parent":0,"menu_order":15,"comment_status":"closed","ping_status":"closed","template":"","meta":{"_acf_changed":false,"inline_featured_image":false,"footnotes":""},"class_list":["post-46676","page","type-page","status-publish","hentry"],"acf":[],"yoast_head":"<!-- This site is optimized with the Yoast SEO plugin v23.3 - https:\/\/yoast.com\/wordpress\/plugins\/seo\/ -->\n<title>BP2 ESHOP - IMPRO | THE POWER OF ROOFS<\/title>\n<meta name=\"robots\" content=\"noindex, follow, max-snippet:-1, max-image-preview:large, max-video-preview:-1\" \/>\n<meta property=\"og:locale\" content=\"hu_HU\" \/>\n<meta property=\"og:type\" content=\"article\" \/>\n<meta property=\"og:title\" content=\"BP2 ESHOP - IMPRO | THE POWER OF ROOFS\" \/>\n<meta property=\"og:description\" content=\"\u00ceNCEPE\u021aI S\u0102 VINDE\u021aI ONLINE F\u0102R\u0102 RESTRIC\u021aII MAGAZIN ONLINE IMPRO O platform\u0103 de v\u00e2nz\u0103ri online administrat\u0103 de IMPRO \u00eempreun\u0103 cu un distribuitor autorizat. Func\u021bionarea corect\u0103 a platformei, din punct de vedere tehnic, este garantat\u0103 \u00een totalitate de IMPRO. Distribuitorul este liber s\u0103-\u0219i personalizeze website-ul \u0219i oferta, precum \u0219i condi\u021biile comerciale.\" \/>\n<meta property=\"og:url\" content=\"https:\/\/impro.yoho.pl\/hu\/bp2-eshop\/\" \/>\n<meta property=\"og:site_name\" content=\"IMPRO | THE POWER OF ROOFS\" \/>\n<meta property=\"article:modified_time\" content=\"2022-12-19T10:06:27+00:00\" \/>\n<meta property=\"og:image\" content=\"https:\/\/impro.yoho.pl\/wp-content\/uploads\/2022\/10\/BPACK.jpg\" \/>\n<meta name=\"twitter:card\" content=\"summary_large_image\" \/>\n<meta name=\"twitter:label1\" content=\"Est. reading time\" \/>\n\t<meta name=\"twitter:data1\" content=\"2 perc\" \/>\n<script type=\"application\/ld+json\" class=\"yoast-schema-graph\">{\"@context\":\"https:\/\/schema.org\",\"@graph\":[{\"@type\":\"WebPage\",\"@id\":\"https:\/\/impro.yoho.pl\/hu\/bp2-eshop\/\",\"url\":\"https:\/\/impro.yoho.pl\/hu\/bp2-eshop\/\",\"name\":\"BP2 ESHOP - IMPRO | THE POWER OF ROOFS\",\"isPartOf\":{\"@id\":\"https:\/\/impro.yoho.pl\/#website\"},\"primaryImageOfPage\":{\"@id\":\"https:\/\/impro.yoho.pl\/hu\/bp2-eshop\/#primaryimage\"},\"image\":{\"@id\":\"https:\/\/impro.yoho.pl\/hu\/bp2-eshop\/#primaryimage\"},\"thumbnailUrl\":\"https:\/\/impro.yoho.pl\/wp-content\/uploads\/2022\/10\/BPACK.jpg\",\"datePublished\":\"2022-10-10T08:47:56+00:00\",\"dateModified\":\"2022-12-19T10:06:27+00:00\",\"breadcrumb\":{\"@id\":\"https:\/\/impro.yoho.pl\/hu\/bp2-eshop\/#breadcrumb\"},\"inLanguage\":\"hu\",\"potentialAction\":[{\"@type\":\"ReadAction\",\"target\":[\"https:\/\/impro.yoho.pl\/hu\/bp2-eshop\/\"]}]},{\"@type\":\"ImageObject\",\"inLanguage\":\"hu\",\"@id\":\"https:\/\/impro.yoho.pl\/hu\/bp2-eshop\/#primaryimage\",\"url\":\"https:\/\/impro.yoho.pl\/wp-content\/uploads\/2022\/10\/BPACK.jpg\",\"contentUrl\":\"https:\/\/impro.yoho.pl\/wp-content\/uploads\/2022\/10\/BPACK.jpg\"},{\"@type\":\"BreadcrumbList\",\"@id\":\"https:\/\/impro.yoho.pl\/hu\/bp2-eshop\/#breadcrumb\",\"itemListElement\":[{\"@type\":\"ListItem\",\"position\":1,\"name\":\"Home\",\"item\":\"https:\/\/impro.yoho.pl\/\"},{\"@type\":\"ListItem\",\"position\":2,\"name\":\"BP2 ESHOP\"}]},{\"@type\":\"WebSite\",\"@id\":\"https:\/\/impro.yoho.pl\/#website\",\"url\":\"https:\/\/impro.yoho.pl\/\",\"name\":\"IMPRO | THE POWER OF ROOFS\",\"description\":\"Kompletne rozwi\u0105zania dachowe i elewacyjne\",\"potentialAction\":[{\"@type\":\"SearchAction\",\"target\":{\"@type\":\"EntryPoint\",\"urlTemplate\":\"https:\/\/impro.yoho.pl\/?s={search_term_string}\"},\"query-input\":\"required name=search_term_string\"}],\"inLanguage\":\"hu\"}]}<\/script>\n<!-- \/ Yoast SEO plugin. -->","yoast_head_json":{"title":"BP2 ESHOP - IMPRO | THE POWER OF ROOFS","robots":{"index":"noindex","follow":"follow","max-snippet":"max-snippet:-1","max-image-preview":"max-image-preview:large","max-video-preview":"max-video-preview:-1"},"og_locale":"hu_HU","og_type":"article","og_title":"BP2 ESHOP - IMPRO | THE POWER OF ROOFS","og_description":"\u00ceNCEPE\u021aI S\u0102 VINDE\u021aI ONLINE F\u0102R\u0102 RESTRIC\u021aII MAGAZIN ONLINE IMPRO O platform\u0103 de v\u00e2nz\u0103ri online administrat\u0103 de IMPRO \u00eempreun\u0103 cu un distribuitor autorizat. Func\u021bionarea corect\u0103 a platformei, din punct de vedere tehnic, este garantat\u0103 \u00een totalitate de IMPRO. Distribuitorul este liber s\u0103-\u0219i personalizeze website-ul \u0219i oferta, precum \u0219i condi\u021biile comerciale.","og_url":"https:\/\/impro.yoho.pl\/hu\/bp2-eshop\/","og_site_name":"IMPRO | THE POWER OF ROOFS","article_modified_time":"2022-12-19T10:06:27+00:00","og_image":[{"url":"https:\/\/impro.yoho.pl\/wp-content\/uploads\/2022\/10\/BPACK.jpg"}],"twitter_card":"summary_large_image","twitter_misc":{"Est. reading time":"2 perc"},"schema":{"@context":"https:\/\/schema.org","@graph":[{"@type":"WebPage","@id":"https:\/\/impro.yoho.pl\/hu\/bp2-eshop\/","url":"https:\/\/impro.yoho.pl\/hu\/bp2-eshop\/","name":"BP2 ESHOP - IMPRO | THE POWER OF ROOFS","isPartOf":{"@id":"https:\/\/impro.yoho.pl\/#website"},"primaryImageOfPage":{"@id":"https:\/\/impro.yoho.pl\/hu\/bp2-eshop\/#primaryimage"},"image":{"@id":"https:\/\/impro.yoho.pl\/hu\/bp2-eshop\/#primaryimage"},"thumbnailUrl":"https:\/\/impro.yoho.pl\/wp-content\/uploads\/2022\/10\/BPACK.jpg","datePublished":"2022-10-10T08:47:56+00:00","dateModified":"2022-12-19T10:06:27+00:00","breadcrumb":{"@id":"https:\/\/impro.yoho.pl\/hu\/bp2-eshop\/#breadcrumb"},"inLanguage":"hu","potentialAction":[{"@type":"ReadAction","target":["https:\/\/impro.yoho.pl\/hu\/bp2-eshop\/"]}]},{"@type":"ImageObject","inLanguage":"hu","@id":"https:\/\/impro.yoho.pl\/hu\/bp2-eshop\/#primaryimage","url":"https:\/\/impro.yoho.pl\/wp-content\/uploads\/2022\/10\/BPACK.jpg","contentUrl":"https:\/\/impro.yoho.pl\/wp-content\/uploads\/2022\/10\/BPACK.jpg"},{"@type":"BreadcrumbList","@id":"https:\/\/impro.yoho.pl\/hu\/bp2-eshop\/#breadcrumb","itemListElement":[{"@type":"ListItem","position":1,"name":"Home","item":"https:\/\/impro.yoho.pl\/"},{"@type":"ListItem","position":2,"name":"BP2 ESHOP"}]},{"@type":"WebSite","@id":"https:\/\/impro.yoho.pl\/#website","url":"https:\/\/impro.yoho.pl\/","name":"IMPRO | THE POWER OF ROOFS","description":"Kompletne rozwi\u0105zania dachowe i elewacyjne","potentialAction":[{"@type":"SearchAction","target":{"@type":"EntryPoint","urlTemplate":"https:\/\/impro.yoho.pl\/?s={search_term_string}"},"query-input":"required name=search_term_string"}],"inLanguage":"hu"}]}},"_links":{"self":[{"href":"https:\/\/impro.yoho.pl\/hu\/wp-json\/wp\/v2\/pages\/46676"}],"collection":[{"href":"https:\/\/impro.yoho.pl\/hu\/wp-json\/wp\/v2\/pages"}],"about":[{"href":"https:\/\/impro.yoho.pl\/hu\/wp-json\/wp\/v2\/types\/page"}],"author":[{"embeddable":true,"href":"https:\/\/impro.yoho.pl\/hu\/wp-json\/wp\/v2\/users\/6"}],"replies":[{"embeddable":true,"href":"https:\/\/impro.yoho.pl\/hu\/wp-json\/wp\/v2\/comments?post=46676"}],"version-history":[{"count":16,"href":"https:\/\/impro.yoho.pl\/hu\/wp-json\/wp\/v2\/pages\/46676\/revisions"}],"predecessor-version":[{"id":48699,"href":"https:\/\/impro.yoho.pl\/hu\/wp-json\/wp\/v2\/pages\/46676\/revisions\/48699"}],"wp:attachment":[{"href":"https:\/\/impro.yoho.pl\/hu\/wp-json\/wp\/v2\/media?parent=46676"}],"curies":[{"name":"wp","href":"https:\/\/api.w.org\/{rel}","templated":true}]}}