{"id":46703,"date":"2022-01-05T14:14:44","date_gmt":"2022-01-05T13:14:44","guid":{"rendered":"https:\/\/impro.yoho.pl\/oferta\/"},"modified":"2022-12-14T15:35:15","modified_gmt":"2022-12-14T14:35:15","slug":"ajanlat","status":"publish","type":"page","link":"https:\/\/impro.yoho.pl\/hu\/ajanlat\/","title":{"rendered":"Aj\u00e1nlat"},"content":{"rendered":"\n<h1 class=\"has-text-align-center is-style-h2 wp-block-heading\"><strong>AJ\u00c1NLATUNK<\/strong><\/h1>\n\n\n\n<div class=\"wp-block-group is-style-narrow-group\"><div class=\"wp-block-group__inner-container is-layout-flow wp-block-group-is-layout-flow\">\n<p class=\"has-text-align-center\">\u00c1tfog\u00f3 megold\u00e1sokat gy\u00e1rtunk az \u00e9p\u00edt\u0151ipar sz\u00e1m\u00e1ra. A beruh\u00e1z\u00e1si \u00e9s csal\u00e1di \u00e9p\u00edtkez\u00e9sekhez sz\u00e1nt term\u00e9kek eg\u00e9sz sor\u00e1t k\u00edn\u00e1ljuk, azaz tet\u0151fed\u00e9seket, szerkezeti lemezeket, homlokzati rendszereket, szendvicspaneleket, falkazett\u00e1kat, ereszcsatorna rendszereket, valamint ac\u00e9lszervizk\u00f6zpontunkban speci\u00e1lis ac\u00e9lfeldolgoz\u00e1si szolg\u00e1ltat\u00e1sokat ny\u00fajtunk. Folyamatosan b\u0151v\u00edtj\u00fck term\u00e9kpalett\u00e1nkat, alkalmazkodva a piaci ig\u00e9nyekhez \u00e9s a technol\u00f3giai fejl\u0151d\u00e9shez.<\/p>\n\n\n\n<div style=\"height:100px\" aria-hidden=\"true\" class=\"wp-block-spacer is-style-small-spacer\"><\/div>\n<\/div><\/div>\n\n\n\n<div class=\"wp-block-group\"><div class=\"wp-block-group__inner-container is-layout-flow wp-block-group-is-layout-flow\">\n<div class=\"wp-block-columns is-style-grid is-layout-flex wp-container-core-columns-is-layout-1 wp-block-columns-is-layout-flex\">\n<div class=\"wp-block-column is-layout-flow wp-block-column-is-layout-flow\">\n<div class=\"wp-block-cover is-style-full-height\"><span aria-hidden=\"true\" class=\"wp-block-cover__background has-background-dim-0 has-background-dim\"><\/span><img loading=\"lazy\" decoding=\"async\" width=\"804\" height=\"538\" class=\"wp-block-cover__image-background wp-image-783\" alt=\"\" src=\"https:\/\/impro.yoho.pl\/wp-content\/uploads\/2022\/02\/bp2_oferta_1.png\" data-object-fit=\"cover\" srcset=\"https:\/\/impro.yoho.pl\/wp-content\/uploads\/2022\/02\/bp2_oferta_1.png 804w, https:\/\/impro.yoho.pl\/wp-content\/uploads\/2022\/02\/bp2_oferta_1-768x514.png 768w\" sizes=\"(max-width: 804px) 100vw, 804px\" \/><div class=\"wp-block-cover__inner-container is-layout-flow wp-block-cover-is-layout-flow\">\n<p class=\"has-text-align-center has-large-font-size\"><\/p>\n<\/div><\/div>\n<\/div>\n\n\n\n<div class=\"wp-block-column is-layout-flow wp-block-column-is-layout-flow\">\n<div class=\"wp-block-cover is-light is-style-full-height\"><span aria-hidden=\"true\" class=\"wp-block-cover__background has-dark-gray-background-color has-background-dim-100 has-background-dim\"><\/span><div class=\"wp-block-cover__inner-container is-layout-flow wp-block-cover-is-layout-flow\">\n<h3 class=\"header-with-icon \">\n<span class=\"header-with-icon__icon\"><img decoding=\"async\" src=\"https:\/\/impro.yoho.pl\/wp-content\/uploads\/2022\/01\/home-icon.png\" alt=\"LAKOSS\u00c1GI \u00c9P\u00cdTKEZ\u00c9S\"><\/span>\n<span class=\"header-with-icon__content\">LAKOSS\u00c1GI \u00c9P\u00cdTKEZ\u00c9S<\/span>\n<\/h3>\n\n\n<ul class=\"links-list links-list--multiple \">\n                    <li class=\"links-list__item\">\n            <a href=\"https:\/\/impro.yoho.pl\/hu\/ajanlat\/lakoepuletek-epitese\/?type=modularis-cserepeslemezek\">\n                <span class=\"links-list__smallTitle\">Modul\u00e1ris cserepeslemezek<\/span>                <span class=\"links-list__title\">MODULAR SERIES<\/span>            <\/a>\n        <\/li>\n                    <li class=\"links-list__item\">\n            <a href=\"https:\/\/impro.yoho.pl\/hu\/ajanlat\/lakoepuletek-epitese\/?type=ereszcsatorna-rendszerek\">\n                <span class=\"links-list__smallTitle\">Ereszcsatorna-rendszerek<\/span>                <span class=\"links-list__title\">INGURI<\/span>            <\/a>\n        <\/li>\n                    <li class=\"links-list__item\">\n            <a href=\"https:\/\/impro.yoho.pl\/hu\/ajanlat\/lakoepuletek-epitese\/?type=kompakt-tetocserepek\">\n                <span class=\"links-list__smallTitle\">Kompakt tet\u0151cserepek<\/span>                <span class=\"links-list__title\">COMPACT SERIES<\/span>            <\/a>\n        <\/li>\n                    <li class=\"links-list__item\">\n            <a href=\"https:\/\/impro.yoho.pl\/hu\/ajanlat\/lakoepuletek-epitese\/?type=trapezlemezek-hu\">\n                <span class=\"links-list__smallTitle\">Tet\u0151fed\u0151 \u00e9s homlokzati <\/span>                <span class=\"links-list__title\">Trap\u00e9zlemezek<\/span>            <\/a>\n        <\/li>\n                    <li class=\"links-list__item\">\n            <a href=\"https:\/\/impro.yoho.pl\/hu\/ajanlat\/lakoepuletek-epitese\/?type=meretre-vagott-cserepeslemezek\">\n                <span class=\"links-list__smallTitle\">M\u00e9retre v\u00e1gott cserepeslemezek<\/span>                <span class=\"links-list__title\">CLASSIC SERIES<\/span>            <\/a>\n        <\/li>\n                    <li class=\"links-list__item\">\n            <a href=\"https:\/\/impro.yoho.pl\/hu\/ajanlat\/lakoepuletek-epitese\/?type=siklemezek\">\n                                <span class=\"links-list__title\">S\u00edklemezek<\/span>            <\/a>\n        <\/li>\n                    <li class=\"links-list__item\">\n            <a href=\"https:\/\/impro.yoho.pl\/hu\/ajanlat\/lakoepuletek-epitese\/?type=tetopanelek\">\n                <span class=\"links-list__smallTitle\">Tet\u0151panelek<\/span>                <span class=\"links-list__title\">PANEL SERIES<\/span>            <\/a>\n        <\/li>\n                    <li class=\"links-list__item\">\n            <a href=\"https:\/\/impro.yoho.pl\/hu\/ajanlat\/lakoepuletek-epitese\/?type=badogos-termekek\">\n                                <span class=\"links-list__title\">B\u00e1dogos elemek<\/span>            <\/a>\n        <\/li>\n                    <li class=\"links-list__item\">\n            <a href=\"#\">\n                                            <\/a>\n        <\/li>\n                    <li class=\"links-list__item\">\n            <a href=\"https:\/\/impro.yoho.pl\/hu\/ajanlat\/lakoepuletek-epitese\/?type=tartozekok\">\n                                <span class=\"links-list__title\">Tartoz\u00e9kok<\/span>            <\/a>\n        <\/li>\n    <\/ul><\/div><\/div>\n<\/div>\n<\/div>\n\n\n\n<div class=\"wp-block-columns is-style-mobile-reverse is-style-grid fade-in is-layout-flex wp-container-core-columns-is-layout-2 wp-block-columns-is-layout-flex\">\n<div class=\"wp-block-column is-layout-flow wp-block-column-is-layout-flow\">\n<div class=\"wp-block-cover is-light is-style-full-height\"><span aria-hidden=\"true\" class=\"wp-block-cover__background has-dark-gray-background-color has-background-dim-100 has-background-dim\"><\/span><div class=\"wp-block-cover__inner-container is-layout-flow wp-block-cover-is-layout-flow\">\n<h3 class=\"header-with-icon \">\n<span class=\"header-with-icon__icon\"><img decoding=\"async\" src=\"https:\/\/impro.yoho.pl\/wp-content\/uploads\/2022\/02\/noun_mall_3821276.png\" alt=\"IPARI L\u00c9TES\u00cdTM\u00c9NYEK\"><\/span>\n<span class=\"header-with-icon__content\">IPARI L\u00c9TES\u00cdTM\u00c9NYEK<\/span>\n<\/h3>\n\n\n<ul class=\"links-list links-list--multiple \">\n                    <li class=\"links-list__item\">\n            <a href=\"https:\/\/impro.yoho.pl\/hu\/ajanlat\/ipari-letesitmenyek\/?type=kazettas-homlokzatburkolatok\">\n                <span class=\"links-list__smallTitle\">Homlokzati burkolatok<\/span>                <span class=\"links-list__title\">SKRIN, LINEA, SINUS<\/span>            <\/a>\n        <\/li>\n                    <li class=\"links-list__item\">\n            <a href=\"https:\/\/impro.yoho.pl\/hu\/ajanlat\/ipari-letesitmenyek\/?type=fal-szendvics-panelek\">\n                <span class=\"links-list__smallTitle\">Fali szendvicspanelek<\/span>                <span class=\"links-list__title\">CorePIR, CorePUR, CoreWOOL<\/span>            <\/a>\n        <\/li>\n                    <li class=\"links-list__item\">\n            <a href=\"https:\/\/impro.yoho.pl\/hu\/ajanlat\/ipari-letesitmenyek\/?type=kazettas-homlokzatburkolatok\">\n                <span class=\"links-list__smallTitle\">Homlokzati panelek<\/span>                <span class=\"links-list__title\">LINEA<\/span>            <\/a>\n        <\/li>\n                    <li class=\"links-list__item\">\n            <a href=\"https:\/\/impro.yoho.pl\/hu\/ajanlat\/lakoepuletek-epitese\/\">\n                <span class=\"links-list__smallTitle\">Tet\u0151 szendvics panelek<\/span>                <span class=\"links-list__title\">CorePIR, CorePUR, CoreWOOL<\/span>            <\/a>\n        <\/li>\n                    <li class=\"links-list__item\">\n            <a href=\"https:\/\/impro.yoho.pl\/hu\/ajanlat\/ipari-letesitmenyek\/?type=falkazetta-es-prosystherm\">\n                <span class=\"links-list__smallTitle\">Kasety<\/span>                <span class=\"links-list__title\">Falkazett\u00e1k \u00e9s PROSYSTEM<\/span>            <\/a>\n        <\/li>\n                    <li class=\"links-list__item\">\n            <a href=\"https:\/\/impro.yoho.pl\/hu\/ajanlat\/lakoepuletek-epitese\/?type=trapezlemezek-hu\">\n                                <span class=\"links-list__title\">Z \u00e9s C szerkezeti szelv\u00e9nyek<\/span>            <\/a>\n        <\/li>\n                    <li class=\"links-list__item\">\n            <a href=\"#\">\n                                            <\/a>\n        <\/li>\n                    <li class=\"links-list__item\">\n            <a href=\"https:\/\/impro.yoho.pl\/hu\/ajanlat\/ipari-letesitmenyek\/?type=trapezlemezek\">\n                <span class=\"links-list__smallTitle\">Tet\u0151fed\u0151 \u00e9s homlokzati <\/span>                <span class=\"links-list__title\">Trap\u00e9zlemezek<\/span>            <\/a>\n        <\/li>\n    <\/ul><\/div><\/div>\n<\/div>\n\n\n\n<div class=\"wp-block-column is-layout-flow wp-block-column-is-layout-flow\">\n<div class=\"wp-block-cover is-light is-style-full-height\"><span aria-hidden=\"true\" class=\"wp-block-cover__background has-background-dim-0 has-background-dim\"><\/span><img loading=\"lazy\" decoding=\"async\" width=\"804\" height=\"487\" class=\"wp-block-cover__image-background wp-image-789\" alt=\"\" src=\"https:\/\/impro.yoho.pl\/wp-content\/uploads\/2022\/02\/bp2_oferta_2.png\" data-object-fit=\"cover\" srcset=\"https:\/\/impro.yoho.pl\/wp-content\/uploads\/2022\/02\/bp2_oferta_2.png 804w, https:\/\/impro.yoho.pl\/wp-content\/uploads\/2022\/02\/bp2_oferta_2-768x465.png 768w\" sizes=\"(max-width: 804px) 100vw, 804px\" \/><div class=\"wp-block-cover__inner-container is-layout-flow wp-block-cover-is-layout-flow\">\n<p class=\"has-text-align-center has-large-font-size\"><\/p>\n<\/div><\/div>\n<\/div>\n<\/div>\n\n\n\n<div class=\"wp-block-columns is-style-grid is-layout-flex wp-container-core-columns-is-layout-3 wp-block-columns-is-layout-flex\">\n<div class=\"wp-block-column is-layout-flow wp-block-column-is-layout-flow\">\n<div class=\"wp-block-cover is-style-full-height\"><span aria-hidden=\"true\" class=\"wp-block-cover__background has-background-dim-0 has-background-dim\"><\/span><img loading=\"lazy\" decoding=\"async\" width=\"804\" height=\"393\" class=\"wp-block-cover__image-background wp-image-805\" alt=\"\" src=\"https:\/\/impro.yoho.pl\/wp-content\/uploads\/2022\/02\/bp2_oferta_3.png\" data-object-fit=\"cover\" srcset=\"https:\/\/impro.yoho.pl\/wp-content\/uploads\/2022\/02\/bp2_oferta_3.png 804w, https:\/\/impro.yoho.pl\/wp-content\/uploads\/2022\/02\/bp2_oferta_3-768x375.png 768w\" sizes=\"(max-width: 804px) 100vw, 804px\" \/><div class=\"wp-block-cover__inner-container is-layout-flow wp-block-cover-is-layout-flow\">\n<p class=\"has-text-align-center has-large-font-size\"><\/p>\n<\/div><\/div>\n<\/div>\n\n\n\n<div class=\"wp-block-column is-layout-flow wp-block-column-is-layout-flow\">\n<div class=\"wp-block-cover is-light is-style-full-height\"><span aria-hidden=\"true\" class=\"wp-block-cover__background has-dark-gray-background-color has-background-dim-100 has-background-dim\"><\/span><div class=\"wp-block-cover__inner-container is-layout-flow wp-block-cover-is-layout-flow\">\n<h3 class=\"header-with-icon \">\n<span class=\"header-with-icon__icon\"><img decoding=\"async\" src=\"https:\/\/impro.yoho.pl\/wp-content\/uploads\/2022\/02\/Path-99.png\" alt=\"VSS Ac\u00e9lipari Szolg\u00e1ltat\u00f3k\u00f6zpont\"><\/span>\n<span class=\"header-with-icon__content\">VSS Ac\u00e9lipari Szolg\u00e1ltat\u00f3k\u00f6zpont<\/span>\n<\/h3>\n\n\n<ul class=\"links-list links-list--multiple \">\n                    <li class=\"links-list__item\">\n            <a href=\"https:\/\/impro.yoho.pl\/hu\/term%C3%A9k\/siklemezek-2\/\">\n                                <span class=\"links-list__title\">S\u00edklemezek<\/span>            <\/a>\n        <\/li>\n                    <li class=\"links-list__item\">\n            <a href=\"https:\/\/impro.yoho.pl\/hu\/term%C3%A9k\/vagasi-es-attekercselesi-szolgaltatasok\/\">\n                                <span class=\"links-list__title\">V\u00e1g\u00e1si \u00e9s \u00e1ttekercsel\u00e9si szolg\u00e1ltat\u00e1sok<\/span>            <\/a>\n        <\/li>\n                    <li class=\"links-list__item\">\n            <a href=\"https:\/\/impro.yoho.pl\/hu\/term%C3%A9k\/lemez-perforacio\/\">\n                                <span class=\"links-list__title\">Lemez perfor\u00e1ci\u00f3<\/span>            <\/a>\n        <\/li>\n                    <li class=\"links-list__item\">\n            <a href=\"https:\/\/impro.yoho.pl\/hu\/term%C3%A9k\/vedelem-es-csomagolas\/\">\n                                <span class=\"links-list__title\">V\u00e9delem \u00e9s csomagol\u00e1s<\/span>            <\/a>\n        <\/li>\n    <\/ul><\/div><\/div>\n<\/div>\n<\/div>\n\n\n\n<div style=\"height:100px\" aria-hidden=\"true\" class=\"wp-block-spacer is-style-small-spacer\"><\/div>\n<\/div><\/div>\n","protected":false},"excerpt":{"rendered":"<p>AJ\u00c1NLATUNK \u00c1tfog\u00f3 megold\u00e1sokat gy\u00e1rtunk az \u00e9p\u00edt\u0151ipar sz\u00e1m\u00e1ra. A beruh\u00e1z\u00e1si \u00e9s csal\u00e1di \u00e9p\u00edtkez\u00e9sekhez sz\u00e1nt term\u00e9kek eg\u00e9sz sor\u00e1t k\u00edn\u00e1ljuk, azaz tet\u0151fed\u00e9seket, szerkezeti lemezeket, homlokzati rendszereket, szendvicspaneleket, falkazett\u00e1kat, ereszcsatorna rendszereket, valamint ac\u00e9lszervizk\u00f6zpontunkban speci\u00e1lis ac\u00e9lfeldolgoz\u00e1si szolg\u00e1ltat\u00e1sokat ny\u00fajtunk. Folyamatosan b\u0151v\u00edtj\u00fck term\u00e9kpalett\u00e1nkat, alkalmazkodva a piaci ig\u00e9nyekhez \u00e9s a technol\u00f3giai fejl\u0151d\u00e9shez.<\/p>\n","protected":false},"author":1,"featured_media":0,"parent":0,"menu_order":37,"comment_status":"closed","ping_status":"closed","template":"templates\/offer.php","meta":{"_acf_changed":false,"inline_featured_image":false,"footnotes":""},"class_list":["post-46703","page","type-page","status-publish","hentry"],"acf":[],"yoast_head":"<!-- This site is optimized with the Yoast SEO plugin v23.3 - https:\/\/yoast.com\/wordpress\/plugins\/seo\/ -->\n<title>Aj\u00e1nlat - IMPRO | THE POWER OF ROOFS<\/title>\n<meta name=\"robots\" content=\"noindex, follow, max-snippet:-1, max-image-preview:large, max-video-preview:-1\" \/>\n<meta property=\"og:locale\" content=\"hu_HU\" \/>\n<meta property=\"og:type\" content=\"article\" \/>\n<meta property=\"og:title\" content=\"Aj\u00e1nlat - IMPRO | THE POWER OF ROOFS\" \/>\n<meta property=\"og:description\" content=\"AJ\u00c1NLATUNK \u00c1tfog\u00f3 megold\u00e1sokat gy\u00e1rtunk az \u00e9p\u00edt\u0151ipar sz\u00e1m\u00e1ra. A beruh\u00e1z\u00e1si \u00e9s csal\u00e1di \u00e9p\u00edtkez\u00e9sekhez sz\u00e1nt term\u00e9kek eg\u00e9sz sor\u00e1t k\u00edn\u00e1ljuk, azaz tet\u0151fed\u00e9seket, szerkezeti lemezeket, homlokzati rendszereket, szendvicspaneleket, falkazett\u00e1kat, ereszcsatorna rendszereket, valamint ac\u00e9lszervizk\u00f6zpontunkban speci\u00e1lis ac\u00e9lfeldolgoz\u00e1si szolg\u00e1ltat\u00e1sokat ny\u00fajtunk. Folyamatosan b\u0151v\u00edtj\u00fck term\u00e9kpalett\u00e1nkat, alkalmazkodva a piaci ig\u00e9nyekhez \u00e9s a technol\u00f3giai fejl\u0151d\u00e9shez.\" \/>\n<meta property=\"og:url\" content=\"https:\/\/impro.yoho.pl\/oferta-noastra\/\" \/>\n<meta property=\"og:site_name\" content=\"IMPRO | THE POWER OF ROOFS\" \/>\n<meta property=\"article:modified_time\" content=\"2022-12-14T14:35:15+00:00\" \/>\n<meta property=\"og:image\" content=\"https:\/\/impro.yoho.pl\/wp-content\/uploads\/2022\/02\/bp2_oferta_1.png\" \/>\n<meta name=\"twitter:card\" content=\"summary_large_image\" \/>\n<script type=\"application\/ld+json\" class=\"yoast-schema-graph\">{\"@context\":\"https:\/\/schema.org\",\"@graph\":[{\"@type\":\"WebPage\",\"@id\":\"https:\/\/impro.yoho.pl\/oferta-noastra\/\",\"url\":\"https:\/\/impro.yoho.pl\/oferta-noastra\/\",\"name\":\"Aj\u00e1nlat - IMPRO | THE POWER OF ROOFS\",\"isPartOf\":{\"@id\":\"https:\/\/impro.yoho.pl\/#website\"},\"primaryImageOfPage\":{\"@id\":\"https:\/\/impro.yoho.pl\/oferta-noastra\/#primaryimage\"},\"image\":{\"@id\":\"https:\/\/impro.yoho.pl\/oferta-noastra\/#primaryimage\"},\"thumbnailUrl\":\"https:\/\/impro.yoho.pl\/wp-content\/uploads\/2022\/02\/bp2_oferta_1.png\",\"datePublished\":\"2022-01-05T13:14:44+00:00\",\"dateModified\":\"2022-12-14T14:35:15+00:00\",\"breadcrumb\":{\"@id\":\"https:\/\/impro.yoho.pl\/oferta-noastra\/#breadcrumb\"},\"inLanguage\":\"hu\",\"potentialAction\":[{\"@type\":\"ReadAction\",\"target\":[\"https:\/\/impro.yoho.pl\/oferta-noastra\/\"]}]},{\"@type\":\"ImageObject\",\"inLanguage\":\"hu\",\"@id\":\"https:\/\/impro.yoho.pl\/oferta-noastra\/#primaryimage\",\"url\":\"https:\/\/impro.yoho.pl\/wp-content\/uploads\/2022\/02\/bp2_oferta_1.png\",\"contentUrl\":\"https:\/\/impro.yoho.pl\/wp-content\/uploads\/2022\/02\/bp2_oferta_1.png\"},{\"@type\":\"BreadcrumbList\",\"@id\":\"https:\/\/impro.yoho.pl\/oferta-noastra\/#breadcrumb\",\"itemListElement\":[{\"@type\":\"ListItem\",\"position\":1,\"name\":\"Home\",\"item\":\"https:\/\/impro.yoho.pl\/\"},{\"@type\":\"ListItem\",\"position\":2,\"name\":\"Aj\u00e1nlat\"}]},{\"@type\":\"WebSite\",\"@id\":\"https:\/\/impro.yoho.pl\/#website\",\"url\":\"https:\/\/impro.yoho.pl\/\",\"name\":\"IMPRO | THE POWER OF ROOFS\",\"description\":\"Kompletne rozwi\u0105zania dachowe i elewacyjne\",\"potentialAction\":[{\"@type\":\"SearchAction\",\"target\":{\"@type\":\"EntryPoint\",\"urlTemplate\":\"https:\/\/impro.yoho.pl\/?s={search_term_string}\"},\"query-input\":\"required name=search_term_string\"}],\"inLanguage\":\"hu\"}]}<\/script>\n<!-- \/ Yoast SEO plugin. -->","yoast_head_json":{"title":"Aj\u00e1nlat - IMPRO | THE POWER OF ROOFS","robots":{"index":"noindex","follow":"follow","max-snippet":"max-snippet:-1","max-image-preview":"max-image-preview:large","max-video-preview":"max-video-preview:-1"},"og_locale":"hu_HU","og_type":"article","og_title":"Aj\u00e1nlat - IMPRO | THE POWER OF ROOFS","og_description":"AJ\u00c1NLATUNK \u00c1tfog\u00f3 megold\u00e1sokat gy\u00e1rtunk az \u00e9p\u00edt\u0151ipar sz\u00e1m\u00e1ra. A beruh\u00e1z\u00e1si \u00e9s csal\u00e1di \u00e9p\u00edtkez\u00e9sekhez sz\u00e1nt term\u00e9kek eg\u00e9sz sor\u00e1t k\u00edn\u00e1ljuk, azaz tet\u0151fed\u00e9seket, szerkezeti lemezeket, homlokzati rendszereket, szendvicspaneleket, falkazett\u00e1kat, ereszcsatorna rendszereket, valamint ac\u00e9lszervizk\u00f6zpontunkban speci\u00e1lis ac\u00e9lfeldolgoz\u00e1si szolg\u00e1ltat\u00e1sokat ny\u00fajtunk. Folyamatosan b\u0151v\u00edtj\u00fck term\u00e9kpalett\u00e1nkat, alkalmazkodva a piaci ig\u00e9nyekhez \u00e9s a technol\u00f3giai fejl\u0151d\u00e9shez.","og_url":"https:\/\/impro.yoho.pl\/oferta-noastra\/","og_site_name":"IMPRO | THE POWER OF ROOFS","article_modified_time":"2022-12-14T14:35:15+00:00","og_image":[{"url":"https:\/\/impro.yoho.pl\/wp-content\/uploads\/2022\/02\/bp2_oferta_1.png"}],"twitter_card":"summary_large_image","schema":{"@context":"https:\/\/schema.org","@graph":[{"@type":"WebPage","@id":"https:\/\/impro.yoho.pl\/oferta-noastra\/","url":"https:\/\/impro.yoho.pl\/oferta-noastra\/","name":"Aj\u00e1nlat - IMPRO | THE POWER OF ROOFS","isPartOf":{"@id":"https:\/\/impro.yoho.pl\/#website"},"primaryImageOfPage":{"@id":"https:\/\/impro.yoho.pl\/oferta-noastra\/#primaryimage"},"image":{"@id":"https:\/\/impro.yoho.pl\/oferta-noastra\/#primaryimage"},"thumbnailUrl":"https:\/\/impro.yoho.pl\/wp-content\/uploads\/2022\/02\/bp2_oferta_1.png","datePublished":"2022-01-05T13:14:44+00:00","dateModified":"2022-12-14T14:35:15+00:00","breadcrumb":{"@id":"https:\/\/impro.yoho.pl\/oferta-noastra\/#breadcrumb"},"inLanguage":"hu","potentialAction":[{"@type":"ReadAction","target":["https:\/\/impro.yoho.pl\/oferta-noastra\/"]}]},{"@type":"ImageObject","inLanguage":"hu","@id":"https:\/\/impro.yoho.pl\/oferta-noastra\/#primaryimage","url":"https:\/\/impro.yoho.pl\/wp-content\/uploads\/2022\/02\/bp2_oferta_1.png","contentUrl":"https:\/\/impro.yoho.pl\/wp-content\/uploads\/2022\/02\/bp2_oferta_1.png"},{"@type":"BreadcrumbList","@id":"https:\/\/impro.yoho.pl\/oferta-noastra\/#breadcrumb","itemListElement":[{"@type":"ListItem","position":1,"name":"Home","item":"https:\/\/impro.yoho.pl\/"},{"@type":"ListItem","position":2,"name":"Aj\u00e1nlat"}]},{"@type":"WebSite","@id":"https:\/\/impro.yoho.pl\/#website","url":"https:\/\/impro.yoho.pl\/","name":"IMPRO | THE POWER OF ROOFS","description":"Kompletne rozwi\u0105zania dachowe i elewacyjne","potentialAction":[{"@type":"SearchAction","target":{"@type":"EntryPoint","urlTemplate":"https:\/\/impro.yoho.pl\/?s={search_term_string}"},"query-input":"required name=search_term_string"}],"inLanguage":"hu"}]}},"_links":{"self":[{"href":"https:\/\/impro.yoho.pl\/hu\/wp-json\/wp\/v2\/pages\/46703"}],"collection":[{"href":"https:\/\/impro.yoho.pl\/hu\/wp-json\/wp\/v2\/pages"}],"about":[{"href":"https:\/\/impro.yoho.pl\/hu\/wp-json\/wp\/v2\/types\/page"}],"author":[{"embeddable":true,"href":"https:\/\/impro.yoho.pl\/hu\/wp-json\/wp\/v2\/users\/1"}],"replies":[{"embeddable":true,"href":"https:\/\/impro.yoho.pl\/hu\/wp-json\/wp\/v2\/comments?post=46703"}],"version-history":[{"count":12,"href":"https:\/\/impro.yoho.pl\/hu\/wp-json\/wp\/v2\/pages\/46703\/revisions"}],"predecessor-version":[{"id":47680,"href":"https:\/\/impro.yoho.pl\/hu\/wp-json\/wp\/v2\/pages\/46703\/revisions\/47680"}],"wp:attachment":[{"href":"https:\/\/impro.yoho.pl\/hu\/wp-json\/wp\/v2\/media?parent=46703"}],"curies":[{"name":"wp","href":"https:\/\/api.w.org\/{rel}","templated":true}]}}