{"id":46709,"date":"2022-01-05T14:17:50","date_gmt":"2022-01-05T13:17:50","guid":{"rendered":"https:\/\/impro.yoho.pl\/dla-profesjonalistow\/"},"modified":"2022-12-09T14:12:51","modified_gmt":"2022-12-09T13:12:51","slug":"szakemberek-zonaja","status":"publish","type":"page","link":"https:\/\/impro.yoho.pl\/hu\/szakemberek-zonaja\/","title":{"rendered":"Szakemberek zonaja"},"content":{"rendered":"\n<div class=\"wp-block-group is-style-with-b2-background\"><div class=\"wp-block-group__inner-container is-layout-flow wp-block-group-is-layout-flow\">\n<div style=\"height:100px\" aria-hidden=\"true\" class=\"wp-block-spacer is-style-small-spacer\"><\/div>\n\n\n\n<p class=\"has-text-align-center noMarginBottom has-red-color has-text-color\"><strong>VANNAK OLYAN C\u00c9GEK, AMELYEK A SZAKMAIS\u00c1GRA \u00d6SSZPONTOS\u00cdTANAK.<\/strong><\/p>\n\n\n\n<h1 class=\"has-text-align-center is-style-h1 noMarginTop noMarginBottom wp-block-heading\" style=\"font-size:3.5em\"><strong>SZAKEMBEREK Z\u00d3N\u00c1JA<\/strong><\/h1>\n\n\n\n<div style=\"height:100px\" aria-hidden=\"true\" class=\"wp-block-spacer is-style-small-spacer\"><\/div>\n<\/div><\/div>\n\n\n\n<div class=\"wp-block-group is-style-narrow-group\"><div class=\"wp-block-group__inner-container is-layout-flow wp-block-group-is-layout-flow\">\n<p class=\"has-text-align-center\" style=\"font-size:22px\">A szakemberek z\u00f3n\u00e1ja a forgalmaz\u00f3k, tet\u0151fed\u0151k \u00e9s \u00e9p\u00edt\u00e9szek sz\u00e1m\u00e1ra k\u00e9sz\u00fclt \u00e1gazatspecifikus anyagok gy\u0171jtem\u00e9nye. Ide tartoznak a \u00f6sszeszerel\u00e9si \u00fatmutat\u00f3k, a BP2 term\u00e9kk\u00e1rty\u00e1k, marketingaj\u00e1nlatok, \u00f6tletek, gyakorlati inform\u00e1ci\u00f3k \u00e9s tov\u00e1bbi let\u00f6lthet\u0151 f\u00e1jlok.<\/p>\n\n\n\n<div style=\"height:100px\" aria-hidden=\"true\" class=\"wp-block-spacer is-style-small-spacer\"><\/div>\n<\/div><\/div>\n\n\n\n<div class=\"wp-block-group\"><div class=\"wp-block-group__inner-container is-layout-flow wp-block-group-is-layout-flow\">\n<div class=\"wp-block-columns is-style-mobile-reverse is-style-grid fade-in is-layout-flex wp-container-core-columns-is-layout-1 wp-block-columns-is-layout-flex\">\n<div class=\"wp-block-column is-layout-flow wp-block-column-is-layout-flow\">\n<div class=\"wp-block-cover is-light is-style-full-height\"><span aria-hidden=\"true\" class=\"wp-block-cover__background has-dark-gray-background-color has-background-dim-100 has-background-dim\"><\/span><div class=\"wp-block-cover__inner-container is-layout-flow wp-block-cover-is-layout-flow\">\n<h3 class=\"header-with-icon \">\n<span class=\"header-with-icon__icon\"><img decoding=\"async\" src=\"https:\/\/impro.yoho.pl\/wp-content\/uploads\/2022\/08\/ikonki_www_bp2_new_budownictwo-inwestycyjne.svg\" alt=\"BERUH\u00c1Z\u00c1SOK\"><\/span>\n<span class=\"header-with-icon__content\">BERUH\u00c1Z\u00c1SOK<\/span>\n<\/h3>\n\n\n<ul class=\"links-list links-list--multiple \">\n                    <li class=\"links-list__item\">\n            <a href=\"https:\/\/impro.yoho.pl\/hu\/ajanlat\/ipari-letesitmenyek\/?type=trapezlemezek\">\n                <span class=\"links-list__smallTitle\">Tet\u0151fed\u0151 \u00e9s homlokzati<\/span>                <span class=\"links-list__title\"> Trap\u00e9zlemezek<\/span>            <\/a>\n        <\/li>\n                    <li class=\"links-list__item\">\n            <a href=\"https:\/\/impro.yoho.pl\/hu\/ajanlat\/ipari-letesitmenyek\/?type=teto-szendvics-panelek\">\n                <span class=\"links-list__smallTitle\"> Tet\u0151fed\u0151 szendvicspanelek<\/span>                <span class=\"links-list__title\">CorePIR, CorePUR, CoreWOOL<\/span>            <\/a>\n        <\/li>\n                    <li class=\"links-list__item\">\n            <a href=\"#\">\n                                <span class=\"links-list__title\"> Szerkezeti profilok Z \u00e9s C<\/span>            <\/a>\n        <\/li>\n                    <li class=\"links-list__item\">\n            <a href=\"https:\/\/impro.yoho.pl\/hu\/ajanlat\/ipari-letesitmenyek\/?type=fal-szendvics-panelek\">\n                <span class=\"links-list__smallTitle\">  Fali szendvicspanelek<\/span>                <span class=\"links-list__title\">CorePIR, CorePUR, CoreWOOL<\/span>            <\/a>\n        <\/li>\n                    <li class=\"links-list__item\">\n            <a href=\"https:\/\/impro.yoho.pl\/hu\/ajanlat\/ipari-letesitmenyek\/?type=kazettas-homlokzatburkolatok\">\n                <span class=\"links-list__smallTitle\"> Homlokzatburkolatok<\/span>                <span class=\"links-list__title\">SKRIN, LINEA, SINUS<\/span>            <\/a>\n        <\/li>\n                    <li class=\"links-list__item\">\n            <a href=\"https:\/\/impro.yoho.pl\/hu\/ajanlat\/ipari-letesitmenyek\/?type=falkazetta-es-prosystherm\">\n                                <span class=\"links-list__title\"> Falkazett\u00e1k \u00e9s PROSYSTEM<\/span>            <\/a>\n        <\/li>\n    <\/ul><\/div><\/div>\n<\/div>\n\n\n\n<div class=\"wp-block-column is-layout-flow wp-block-column-is-layout-flow\">\n<div class=\"wp-block-cover is-light is-style-full-height\"><span aria-hidden=\"true\" class=\"wp-block-cover__background has-background-dim-0 has-background-dim\"><\/span><img loading=\"lazy\" decoding=\"async\" width=\"804\" height=\"487\" class=\"wp-block-cover__image-background wp-image-789\" alt=\"\" src=\"https:\/\/impro.yoho.pl\/wp-content\/uploads\/2022\/02\/bp2_oferta_2.png\" data-object-fit=\"cover\" srcset=\"https:\/\/impro.yoho.pl\/wp-content\/uploads\/2022\/02\/bp2_oferta_2.png 804w, https:\/\/impro.yoho.pl\/wp-content\/uploads\/2022\/02\/bp2_oferta_2-768x465.png 768w\" sizes=\"(max-width: 804px) 100vw, 804px\" \/><div class=\"wp-block-cover__inner-container is-layout-flow wp-block-cover-is-layout-flow\">\n<p class=\"has-text-align-center has-large-font-size\"><\/p>\n<\/div><\/div>\n<\/div>\n<\/div>\n\n\n\n<div class=\"wp-block-columns is-style-grid is-layout-flex wp-container-core-columns-is-layout-2 wp-block-columns-is-layout-flex\">\n<div class=\"wp-block-column is-layout-flow wp-block-column-is-layout-flow\">\n<div class=\"wp-block-cover is-light is-style-full-height\"><span aria-hidden=\"true\" class=\"wp-block-cover__background has-background-dim-0 has-background-dim\"><\/span><img loading=\"lazy\" decoding=\"async\" width=\"804\" height=\"461\" class=\"wp-block-cover__image-background wp-image-4009\" alt=\"\" src=\"https:\/\/impro.yoho.pl\/wp-content\/uploads\/2022\/03\/shutterstock_2031138518.png\" data-object-fit=\"cover\" srcset=\"https:\/\/impro.yoho.pl\/wp-content\/uploads\/2022\/03\/shutterstock_2031138518.png 804w, https:\/\/impro.yoho.pl\/wp-content\/uploads\/2022\/03\/shutterstock_2031138518-768x440.png 768w\" sizes=\"(max-width: 804px) 100vw, 804px\" \/><div class=\"wp-block-cover__inner-container is-layout-flow wp-block-cover-is-layout-flow\">\n<p class=\"has-text-align-center\"><\/p>\n<\/div><\/div>\n<\/div>\n\n\n\n<div class=\"wp-block-column is-layout-flow wp-block-column-is-layout-flow\">\n<div class=\"wp-block-cover is-light is-style-full-height\"><span aria-hidden=\"true\" class=\"wp-block-cover__background has-dark-gray-background-color has-background-dim-100 has-background-dim\"><\/span><div class=\"wp-block-cover__inner-container is-layout-flow wp-block-cover-is-layout-flow\">\n<h3 class=\"header-with-icon \">\n<span class=\"header-with-icon__icon\"><img decoding=\"async\" src=\"https:\/\/impro.yoho.pl\/wp-content\/uploads\/2022\/08\/ikonki_www_bp2_new_dystrybutorzy.svg\" alt=\"FORGALMAZ\u00d3K\"><\/span>\n<span class=\"header-with-icon__content\">FORGALMAZ\u00d3K<\/span>\n<\/h3>\n\n\n<ul class=\"links-list links-list--single \">\n                    <li class=\"links-list__item\">\n            <a href=\"https:\/\/eprofil.bp2.eu\/xpertis\/pl\">\n                                <span class=\"links-list__title\">\u00dcgyf\u00e9lz\u00f3na &#8211; eProfil<\/span>            <\/a>\n        <\/li>\n                    <li class=\"links-list__item\">\n            <a href=\"https:\/\/impro.yoho.pl\/do-pobrania\/\">\n                                <span class=\"links-list__title\">Let\u00f6lthet\u0151 f\u00e1jlok<\/span>            <\/a>\n        <\/li>\n                    <li class=\"links-list__item\">\n            <a href=\"https:\/\/impro.yoho.pl\/dystrybutorzy\/#oferta-marketingowa\">\n                                <span class=\"links-list__title\">Marketingaj\u00e1nlat<\/span>            <\/a>\n        <\/li>\n                    <li class=\"links-list__item\">\n            <a href=\"#\">\n                                <span class=\"links-list__title\">Optimaliz\u00e1lja tet\u0151j\u00e9t<\/span>            <\/a>\n        <\/li>\n    <\/ul><\/div><\/div>\n<\/div>\n<\/div>\n\n\n\n<div class=\"wp-block-columns is-style-mobile-reverse is-style-grid fade-in is-layout-flex wp-container-core-columns-is-layout-3 wp-block-columns-is-layout-flex\">\n<div class=\"wp-block-column is-layout-flow wp-block-column-is-layout-flow\">\n<div class=\"wp-block-cover is-light is-style-full-height\"><span aria-hidden=\"true\" class=\"wp-block-cover__background has-dark-gray-background-color has-background-dim-100 has-background-dim\"><\/span><div class=\"wp-block-cover__inner-container is-layout-flow wp-block-cover-is-layout-flow\">\n<h3 class=\"header-with-icon \">\n<span class=\"header-with-icon__icon\"><img decoding=\"async\" src=\"https:\/\/impro.yoho.pl\/wp-content\/uploads\/2022\/08\/ikonki_www_bp2_new_dekrze.svg\" alt=\"KIVITELEZ\u0150K\"><\/span>\n<span class=\"header-with-icon__content\">KIVITELEZ\u0150K<\/span>\n<\/h3>\n\n\n<ul class=\"links-list links-list--single \">\n                    <li class=\"links-list__item\">\n            <a href=\"https:\/\/impro.yoho.pl\/dekarze\/#akademia-mistrzow\">\n                                <span class=\"links-list__title\">Bajnokok Akad\u00e9mi\u00e1ja<\/span>            <\/a>\n        <\/li>\n                    <li class=\"links-list__item\">\n            <a href=\"https:\/\/impro.yoho.pl\/dekarze\/#szkolenia-praktyczne\">\n                                <span class=\"links-list__title\">Gyakorlati k\u00e9pz\u00e9s<\/span>            <\/a>\n        <\/li>\n                    <li class=\"links-list__item\">\n            <a href=\"https:\/\/impro.yoho.pl\/dekarze\/#mobilna-akademia\">\n                                <span class=\"links-list__title\">Mobil Bajnokok Akad\u00e9mi\u00e1ja<\/span>            <\/a>\n        <\/li>\n                    <li class=\"links-list__item\">\n            <a href=\"\u00d6sszeszerel\u00e9si \u00fatmutat\u00f3k\">\n                                <span class=\"links-list__title\">Instrukcje monta\u017cu<\/span>            <\/a>\n        <\/li>\n                    <li class=\"links-list__item\">\n            <a href=\"https:\/\/impro.yoho.pl\/dekarze\/#wsparcie-techniczne\">\n                                <span class=\"links-list__title\">M\u0171szaki t\u00e1mogat\u00e1s<\/span>            <\/a>\n        <\/li>\n                    <li class=\"links-list__item\">\n            <a href=\"https:\/\/impro.yoho.pl\/dekarze\/#master-roofer\">\n                                <span class=\"links-list__title\">MASTER ROOFER<\/span>            <\/a>\n        <\/li>\n                    <li class=\"links-list__item\">\n            <a href=\"https:\/\/impro.yoho.pl\/dekarze\/#pliki-do-pobrania\">\n                                <span class=\"links-list__title\">Let\u00f6lthet\u0151 f\u00e1jlok<\/span>            <\/a>\n        <\/li>\n                    <li class=\"links-list__item\">\n            <a href=\"#\">\n                                <span class=\"links-list__title\">Optymalizuj dach<\/span>            <\/a>\n        <\/li>\n    <\/ul><\/div><\/div>\n<\/div>\n\n\n\n<div class=\"wp-block-column is-layout-flow wp-block-column-is-layout-flow\">\n<div class=\"wp-block-cover is-light is-style-full-height\"><span aria-hidden=\"true\" class=\"wp-block-cover__background has-background-dim-0 has-background-dim\"><\/span><img loading=\"lazy\" decoding=\"async\" width=\"804\" height=\"603\" class=\"wp-block-cover__image-background wp-image-4027\" alt=\"\" src=\"https:\/\/impro.yoho.pl\/wp-content\/uploads\/2022\/03\/shutterstock_1622771839.png\" data-object-fit=\"cover\" srcset=\"https:\/\/impro.yoho.pl\/wp-content\/uploads\/2022\/03\/shutterstock_1622771839.png 804w, https:\/\/impro.yoho.pl\/wp-content\/uploads\/2022\/03\/shutterstock_1622771839-768x576.png 768w\" sizes=\"(max-width: 804px) 100vw, 804px\" \/><div class=\"wp-block-cover__inner-container is-layout-flow wp-block-cover-is-layout-flow\">\n<p class=\"has-text-align-center has-large-font-size\"><\/p>\n<\/div><\/div>\n<\/div>\n<\/div>\n\n\n\n<div class=\"wp-block-columns is-style-grid is-layout-flex wp-container-core-columns-is-layout-4 wp-block-columns-is-layout-flex\">\n<div class=\"wp-block-column is-layout-flow wp-block-column-is-layout-flow\">\n<div class=\"wp-block-cover is-light is-style-full-height\"><span aria-hidden=\"true\" class=\"wp-block-cover__background has-background-dim-0 has-background-dim\"><\/span><img loading=\"lazy\" decoding=\"async\" width=\"804\" height=\"499\" class=\"wp-block-cover__image-background wp-image-4033\" alt=\"\" src=\"https:\/\/impro.yoho.pl\/wp-content\/uploads\/2022\/03\/shutterstock_1017750082.png\" data-object-fit=\"cover\" srcset=\"https:\/\/impro.yoho.pl\/wp-content\/uploads\/2022\/03\/shutterstock_1017750082.png 804w, https:\/\/impro.yoho.pl\/wp-content\/uploads\/2022\/03\/shutterstock_1017750082-768x477.png 768w\" sizes=\"(max-width: 804px) 100vw, 804px\" \/><div class=\"wp-block-cover__inner-container is-layout-flow wp-block-cover-is-layout-flow\">\n<p class=\"has-text-align-center\"><\/p>\n<\/div><\/div>\n<\/div>\n\n\n\n<div class=\"wp-block-column is-layout-flow wp-block-column-is-layout-flow\">\n<div class=\"wp-block-cover is-light is-style-full-height\"><span aria-hidden=\"true\" class=\"wp-block-cover__background has-dark-gray-background-color has-background-dim-100 has-background-dim\"><\/span><div class=\"wp-block-cover__inner-container is-layout-flow wp-block-cover-is-layout-flow\">\n<h3 class=\"header-with-icon \">\n<span class=\"header-with-icon__icon\"><img decoding=\"async\" src=\"https:\/\/impro.yoho.pl\/wp-content\/uploads\/2022\/08\/ikonki_www_bp2_new_architekci.svg\" alt=\"\u00c9p\u00edt\u00e9szek\"><\/span>\n<span class=\"header-with-icon__content\">\u00c9p\u00edt\u00e9szek<\/span>\n<\/h3>\n\n\n<ul class=\"links-list links-list--single \">\n                    <li class=\"links-list__item\">\n            <a href=\"https:\/\/impro.yoho.pl\/architekci\/#biblioteka-bim\">\n                                <span class=\"links-list__title\">BIM k\u00f6nyvt\u00e1r<\/span>            <\/a>\n        <\/li>\n                    <li class=\"links-list__item\">\n            <a href=\"https:\/\/impro.yoho.pl\/architekci\/#modele-3d\">\n                                <span class=\"links-list__title\">3D modellek<\/span>            <\/a>\n        <\/li>\n                    <li class=\"links-list__item\">\n            <a href=\"https:\/\/impro.yoho.pl\/architekci\/#plugin-revit-bp2\">\n                                <span class=\"links-list__title\">Revit BP2 plugin<\/span>            <\/a>\n        <\/li>\n    <\/ul><\/div><\/div>\n<\/div>\n<\/div>\n\n\n\n<div class=\"wp-block-columns is-style-mobile-reverse is-style-grid fade-in is-layout-flex wp-container-core-columns-is-layout-5 wp-block-columns-is-layout-flex\">\n<div class=\"wp-block-column is-layout-flow wp-block-column-is-layout-flow\" style=\"flex-basis:63%\">\n<div class=\"wp-block-cover is-light is-style-full-height\"><span aria-hidden=\"true\" class=\"wp-block-cover__background has-dark-gray-background-color has-background-dim-100 has-background-dim\"><\/span><div class=\"wp-block-cover__inner-container is-layout-flow wp-block-cover-is-layout-flow\">\n<h3 class=\"header-with-icon \">\n<span class=\"header-with-icon__icon\"><img decoding=\"async\" src=\"https:\/\/impro.yoho.pl\/wp-content\/uploads\/2022\/08\/ikonki_www_bp2_new_pomocne-linki-1.svg\" alt=\"HASZNOS LINKEK\"><\/span>\n<span class=\"header-with-icon__content\">HASZNOS LINKEK<\/span>\n<\/h3>\n\n\n<ul class=\"links-list links-list--single \">\n                    <li class=\"links-list__item\">\n            <a href=\"https:\/\/impro.yoho.pl\/kolorystyka-i-powloki\/\">\n                                <span class=\"links-list__title\">Bevonatok, sz\u00ednv\u00e1laszt\u00e9k \u00e9s garanci\u00e1k<\/span>            <\/a>\n        <\/li>\n                    <li class=\"links-list__item\">\n            <a href=\"https:\/\/warranty.bp2.eu\/\">\n                                <span class=\"links-list__title\">A garancia nyilv\u00e1ntart\u00e1sba v\u00e9tele<\/span>            <\/a>\n        <\/li>\n                    <li class=\"links-list__item\">\n            <a href=\"https:\/\/impro.yoho.pl\/rodzaj\/klient-indywidualny\/\">\n                                <span class=\"links-list__title\">Megval\u00f3s\u00edt\u00e1sok \u00e9s inspir\u00e1ci\u00f3k<\/span>            <\/a>\n        <\/li>\n                    <li class=\"links-list__item\">\n            <a href=\"https:\/\/impro.yoho.pl\/do-pobrania\/\">\n                                <span class=\"links-list__title\">Let\u00f6lthet\u0151 f\u00e1jlok<\/span>            <\/a>\n        <\/li>\n                    <li class=\"links-list__item\">\n            <a href=\"https:\/\/impro.yoho.pl\/kontakt\/\">\n                                <span class=\"links-list__title\">Hol lehet megv\u00e1s\u00e1rolni?<\/span>            <\/a>\n        <\/li>\n                    <li class=\"links-list__item\">\n            <a href=\"http:\/\/impro.yoho.pl\/kontakt\/\">\n                                <span class=\"links-list__title\">Keresse meg a kivitelez\u0151t<\/span>            <\/a>\n        <\/li>\n                    <li class=\"links-list__item\">\n            <a href=\"http:\/\/impro.yoho.pl\/architekci\/\">\n                                <span class=\"links-list__title\">BIM k\u00f6nyvt\u00e1rak<\/span>            <\/a>\n        <\/li>\n                    <li class=\"links-list__item\">\n            <a href=\"http:\/\/impro.yoho.pl\/faq\">\n                                <span class=\"links-list__title\">Gyakran ism\u00e9telt k\u00e9rd\u00e9sek (GYIK)<\/span>            <\/a>\n        <\/li>\n    <\/ul><\/div><\/div>\n<\/div>\n\n\n\n<div class=\"wp-block-column is-layout-flow wp-block-column-is-layout-flow\">\n<div class=\"wp-block-cover is-light is-style-content-from-bottom\"><span aria-hidden=\"true\" class=\"wp-block-cover__background has-background-dim-30 has-background-dim\"><\/span><img loading=\"lazy\" decoding=\"async\" width=\"526\" height=\"444\" class=\"wp-block-cover__image-background wp-image-4962\" alt=\"\" src=\"https:\/\/impro.yoho.pl\/wp-content\/uploads\/2022\/03\/DSC_3447.png\" data-object-fit=\"cover\"\/><div class=\"wp-block-cover__inner-container is-layout-flow wp-block-cover-is-layout-flow\">\n<h2 class=\"is-style-h3 has-white-color has-text-color wp-block-heading\">PRODUCENCI ELEMENT\u00d3W METALOWYCH<\/h2>\n\n\n\n<div class=\"wp-block-group\"><div class=\"wp-block-group__inner-container is-layout-flow wp-block-group-is-layout-flow\">\n<a href=\"#\"  class=\"button button--red \">ZOBACZ WI\u0118CEJ<\/a><\/div><\/div>\n<\/div><\/div>\n<\/div>\n<\/div>\n\n\n\n<div style=\"height:100px\" aria-hidden=\"true\" class=\"wp-block-spacer is-style-small-spacer\"><\/div>\n<\/div><\/div>\n","protected":false},"excerpt":{"rendered":"<p>VANNAK OLYAN C\u00c9GEK, AMELYEK A SZAKMAIS\u00c1GRA \u00d6SSZPONTOS\u00cdTANAK. SZAKEMBEREK Z\u00d3N\u00c1JA A szakemberek z\u00f3n\u00e1ja a forgalmaz\u00f3k, tet\u0151fed\u0151k \u00e9s \u00e9p\u00edt\u00e9szek sz\u00e1m\u00e1ra k\u00e9sz\u00fclt \u00e1gazatspecifikus anyagok gy\u0171jtem\u00e9nye. Ide tartoznak a \u00f6sszeszerel\u00e9si \u00fatmutat\u00f3k, a BP2 term\u00e9kk\u00e1rty\u00e1k, marketingaj\u00e1nlatok, \u00f6tletek, gyakorlati inform\u00e1ci\u00f3k \u00e9s tov\u00e1bbi let\u00f6lthet\u0151 f\u00e1jlok.<\/p>\n","protected":false},"author":1,"featured_media":0,"parent":0,"menu_order":42,"comment_status":"closed","ping_status":"closed","template":"","meta":{"_acf_changed":false,"inline_featured_image":false,"footnotes":""},"class_list":["post-46709","page","type-page","status-publish","hentry"],"acf":[],"yoast_head":"<!-- This site is optimized with the Yoast SEO plugin v23.3 - https:\/\/yoast.com\/wordpress\/plugins\/seo\/ -->\n<title>Szakemberek zonaja - IMPRO | THE POWER OF ROOFS<\/title>\n<meta name=\"robots\" content=\"noindex, follow, max-snippet:-1, max-image-preview:large, max-video-preview:-1\" \/>\n<meta property=\"og:locale\" content=\"hu_HU\" \/>\n<meta property=\"og:type\" content=\"article\" \/>\n<meta property=\"og:title\" content=\"Szakemberek zonaja - IMPRO | THE POWER OF ROOFS\" \/>\n<meta property=\"og:description\" content=\"VANNAK OLYAN C\u00c9GEK, AMELYEK A SZAKMAIS\u00c1GRA \u00d6SSZPONTOS\u00cdTANAK. SZAKEMBEREK Z\u00d3N\u00c1JA A szakemberek z\u00f3n\u00e1ja a forgalmaz\u00f3k, tet\u0151fed\u0151k \u00e9s \u00e9p\u00edt\u00e9szek sz\u00e1m\u00e1ra k\u00e9sz\u00fclt \u00e1gazatspecifikus anyagok gy\u0171jtem\u00e9nye. Ide tartoznak a \u00f6sszeszerel\u00e9si \u00fatmutat\u00f3k, a BP2 term\u00e9kk\u00e1rty\u00e1k, marketingaj\u00e1nlatok, \u00f6tletek, gyakorlati inform\u00e1ci\u00f3k \u00e9s tov\u00e1bbi let\u00f6lthet\u0151 f\u00e1jlok.\" \/>\n<meta property=\"og:url\" content=\"https:\/\/impro.yoho.pl\/zona-profesionala\/\" \/>\n<meta property=\"og:site_name\" content=\"IMPRO | THE POWER OF ROOFS\" \/>\n<meta property=\"article:modified_time\" content=\"2022-12-09T13:12:51+00:00\" \/>\n<meta property=\"og:image\" content=\"https:\/\/impro.yoho.pl\/wp-content\/uploads\/2022\/02\/bp2_oferta_2.png\" \/>\n<meta name=\"twitter:card\" content=\"summary_large_image\" \/>\n<script type=\"application\/ld+json\" class=\"yoast-schema-graph\">{\"@context\":\"https:\/\/schema.org\",\"@graph\":[{\"@type\":\"WebPage\",\"@id\":\"https:\/\/impro.yoho.pl\/zona-profesionala\/\",\"url\":\"https:\/\/impro.yoho.pl\/zona-profesionala\/\",\"name\":\"Szakemberek zonaja - IMPRO | THE POWER OF ROOFS\",\"isPartOf\":{\"@id\":\"https:\/\/impro.yoho.pl\/#website\"},\"primaryImageOfPage\":{\"@id\":\"https:\/\/impro.yoho.pl\/zona-profesionala\/#primaryimage\"},\"image\":{\"@id\":\"https:\/\/impro.yoho.pl\/zona-profesionala\/#primaryimage\"},\"thumbnailUrl\":\"https:\/\/impro.yoho.pl\/wp-content\/uploads\/2022\/02\/bp2_oferta_2.png\",\"datePublished\":\"2022-01-05T13:17:50+00:00\",\"dateModified\":\"2022-12-09T13:12:51+00:00\",\"breadcrumb\":{\"@id\":\"https:\/\/impro.yoho.pl\/zona-profesionala\/#breadcrumb\"},\"inLanguage\":\"hu\",\"potentialAction\":[{\"@type\":\"ReadAction\",\"target\":[\"https:\/\/impro.yoho.pl\/zona-profesionala\/\"]}]},{\"@type\":\"ImageObject\",\"inLanguage\":\"hu\",\"@id\":\"https:\/\/impro.yoho.pl\/zona-profesionala\/#primaryimage\",\"url\":\"https:\/\/impro.yoho.pl\/wp-content\/uploads\/2022\/02\/bp2_oferta_2.png\",\"contentUrl\":\"https:\/\/impro.yoho.pl\/wp-content\/uploads\/2022\/02\/bp2_oferta_2.png\"},{\"@type\":\"BreadcrumbList\",\"@id\":\"https:\/\/impro.yoho.pl\/zona-profesionala\/#breadcrumb\",\"itemListElement\":[{\"@type\":\"ListItem\",\"position\":1,\"name\":\"Home\",\"item\":\"https:\/\/impro.yoho.pl\/\"},{\"@type\":\"ListItem\",\"position\":2,\"name\":\"Szakemberek zonaja\"}]},{\"@type\":\"WebSite\",\"@id\":\"https:\/\/impro.yoho.pl\/#website\",\"url\":\"https:\/\/impro.yoho.pl\/\",\"name\":\"IMPRO | THE POWER OF ROOFS\",\"description\":\"Kompletne rozwi\u0105zania dachowe i elewacyjne\",\"potentialAction\":[{\"@type\":\"SearchAction\",\"target\":{\"@type\":\"EntryPoint\",\"urlTemplate\":\"https:\/\/impro.yoho.pl\/?s={search_term_string}\"},\"query-input\":\"required name=search_term_string\"}],\"inLanguage\":\"hu\"}]}<\/script>\n<!-- \/ Yoast SEO plugin. -->","yoast_head_json":{"title":"Szakemberek zonaja - IMPRO | THE POWER OF ROOFS","robots":{"index":"noindex","follow":"follow","max-snippet":"max-snippet:-1","max-image-preview":"max-image-preview:large","max-video-preview":"max-video-preview:-1"},"og_locale":"hu_HU","og_type":"article","og_title":"Szakemberek zonaja - IMPRO | THE POWER OF ROOFS","og_description":"VANNAK OLYAN C\u00c9GEK, AMELYEK A SZAKMAIS\u00c1GRA \u00d6SSZPONTOS\u00cdTANAK. SZAKEMBEREK Z\u00d3N\u00c1JA A szakemberek z\u00f3n\u00e1ja a forgalmaz\u00f3k, tet\u0151fed\u0151k \u00e9s \u00e9p\u00edt\u00e9szek sz\u00e1m\u00e1ra k\u00e9sz\u00fclt \u00e1gazatspecifikus anyagok gy\u0171jtem\u00e9nye. Ide tartoznak a \u00f6sszeszerel\u00e9si \u00fatmutat\u00f3k, a BP2 term\u00e9kk\u00e1rty\u00e1k, marketingaj\u00e1nlatok, \u00f6tletek, gyakorlati inform\u00e1ci\u00f3k \u00e9s tov\u00e1bbi let\u00f6lthet\u0151 f\u00e1jlok.","og_url":"https:\/\/impro.yoho.pl\/zona-profesionala\/","og_site_name":"IMPRO | THE POWER OF ROOFS","article_modified_time":"2022-12-09T13:12:51+00:00","og_image":[{"url":"https:\/\/impro.yoho.pl\/wp-content\/uploads\/2022\/02\/bp2_oferta_2.png"}],"twitter_card":"summary_large_image","schema":{"@context":"https:\/\/schema.org","@graph":[{"@type":"WebPage","@id":"https:\/\/impro.yoho.pl\/zona-profesionala\/","url":"https:\/\/impro.yoho.pl\/zona-profesionala\/","name":"Szakemberek zonaja - IMPRO | THE POWER OF ROOFS","isPartOf":{"@id":"https:\/\/impro.yoho.pl\/#website"},"primaryImageOfPage":{"@id":"https:\/\/impro.yoho.pl\/zona-profesionala\/#primaryimage"},"image":{"@id":"https:\/\/impro.yoho.pl\/zona-profesionala\/#primaryimage"},"thumbnailUrl":"https:\/\/impro.yoho.pl\/wp-content\/uploads\/2022\/02\/bp2_oferta_2.png","datePublished":"2022-01-05T13:17:50+00:00","dateModified":"2022-12-09T13:12:51+00:00","breadcrumb":{"@id":"https:\/\/impro.yoho.pl\/zona-profesionala\/#breadcrumb"},"inLanguage":"hu","potentialAction":[{"@type":"ReadAction","target":["https:\/\/impro.yoho.pl\/zona-profesionala\/"]}]},{"@type":"ImageObject","inLanguage":"hu","@id":"https:\/\/impro.yoho.pl\/zona-profesionala\/#primaryimage","url":"https:\/\/impro.yoho.pl\/wp-content\/uploads\/2022\/02\/bp2_oferta_2.png","contentUrl":"https:\/\/impro.yoho.pl\/wp-content\/uploads\/2022\/02\/bp2_oferta_2.png"},{"@type":"BreadcrumbList","@id":"https:\/\/impro.yoho.pl\/zona-profesionala\/#breadcrumb","itemListElement":[{"@type":"ListItem","position":1,"name":"Home","item":"https:\/\/impro.yoho.pl\/"},{"@type":"ListItem","position":2,"name":"Szakemberek zonaja"}]},{"@type":"WebSite","@id":"https:\/\/impro.yoho.pl\/#website","url":"https:\/\/impro.yoho.pl\/","name":"IMPRO | THE POWER OF ROOFS","description":"Kompletne rozwi\u0105zania dachowe i elewacyjne","potentialAction":[{"@type":"SearchAction","target":{"@type":"EntryPoint","urlTemplate":"https:\/\/impro.yoho.pl\/?s={search_term_string}"},"query-input":"required name=search_term_string"}],"inLanguage":"hu"}]}},"_links":{"self":[{"href":"https:\/\/impro.yoho.pl\/hu\/wp-json\/wp\/v2\/pages\/46709"}],"collection":[{"href":"https:\/\/impro.yoho.pl\/hu\/wp-json\/wp\/v2\/pages"}],"about":[{"href":"https:\/\/impro.yoho.pl\/hu\/wp-json\/wp\/v2\/types\/page"}],"author":[{"embeddable":true,"href":"https:\/\/impro.yoho.pl\/hu\/wp-json\/wp\/v2\/users\/1"}],"replies":[{"embeddable":true,"href":"https:\/\/impro.yoho.pl\/hu\/wp-json\/wp\/v2\/comments?post=46709"}],"version-history":[{"count":18,"href":"https:\/\/impro.yoho.pl\/hu\/wp-json\/wp\/v2\/pages\/46709\/revisions"}],"predecessor-version":[{"id":47123,"href":"https:\/\/impro.yoho.pl\/hu\/wp-json\/wp\/v2\/pages\/46709\/revisions\/47123"}],"wp:attachment":[{"href":"https:\/\/impro.yoho.pl\/hu\/wp-json\/wp\/v2\/media?parent=46709"}],"curies":[{"name":"wp","href":"https:\/\/api.w.org\/{rel}","templated":true}]}}