{"id":46721,"date":"2022-02-23T08:53:15","date_gmt":"2022-02-23T07:53:15","guid":{"rendered":"https:\/\/impro.yoho.pl\/porownaj\/"},"modified":"2022-12-13T10:40:07","modified_gmt":"2022-12-13T09:40:07","slug":"osszehasonlitas","status":"publish","type":"page","link":"https:\/\/impro.yoho.pl\/hu\/osszehasonlitas\/","title":{"rendered":"\u00d6sszehasonl\u00edt\u00e1s"},"content":{"rendered":"","protected":false},"excerpt":{"rendered":"","protected":false},"author":1,"featured_media":0,"parent":0,"menu_order":49,"comment_status":"closed","ping_status":"closed","template":"templates\/compare-page.php","meta":{"_acf_changed":false,"inline_featured_image":false,"footnotes":""},"class_list":["post-46721","page","type-page","status-publish","hentry"],"acf":[],"yoast_head":"<!-- This site is optimized with the Yoast SEO plugin v23.3 - https:\/\/yoast.com\/wordpress\/plugins\/seo\/ -->\n<title>\u00d6sszehasonl\u00edt\u00e1s - IMPRO | THE POWER OF ROOFS<\/title>\n<meta name=\"robots\" content=\"noindex, follow, max-snippet:-1, max-image-preview:large, max-video-preview:-1\" \/>\n<meta property=\"og:locale\" content=\"hu_HU\" \/>\n<meta property=\"og:type\" content=\"article\" \/>\n<meta property=\"og:title\" content=\"\u00d6sszehasonl\u00edt\u00e1s - IMPRO | THE POWER OF ROOFS\" \/>\n<meta property=\"og:url\" content=\"https:\/\/impro.yoho.pl\/comparati\/\" \/>\n<meta property=\"og:site_name\" content=\"IMPRO | THE POWER OF ROOFS\" \/>\n<meta property=\"article:modified_time\" content=\"2022-12-13T09:40:07+00:00\" \/>\n<meta name=\"twitter:card\" content=\"summary_large_image\" \/>\n<script type=\"application\/ld+json\" class=\"yoast-schema-graph\">{\"@context\":\"https:\/\/schema.org\",\"@graph\":[{\"@type\":\"WebPage\",\"@id\":\"https:\/\/impro.yoho.pl\/comparati\/\",\"url\":\"https:\/\/impro.yoho.pl\/comparati\/\",\"name\":\"\u00d6sszehasonl\u00edt\u00e1s - IMPRO | THE POWER OF ROOFS\",\"isPartOf\":{\"@id\":\"https:\/\/impro.yoho.pl\/#website\"},\"datePublished\":\"2022-02-23T07:53:15+00:00\",\"dateModified\":\"2022-12-13T09:40:07+00:00\",\"breadcrumb\":{\"@id\":\"https:\/\/impro.yoho.pl\/comparati\/#breadcrumb\"},\"inLanguage\":\"hu\",\"potentialAction\":[{\"@type\":\"ReadAction\",\"target\":[\"https:\/\/impro.yoho.pl\/comparati\/\"]}]},{\"@type\":\"BreadcrumbList\",\"@id\":\"https:\/\/impro.yoho.pl\/comparati\/#breadcrumb\",\"itemListElement\":[{\"@type\":\"ListItem\",\"position\":1,\"name\":\"Home\",\"item\":\"https:\/\/impro.yoho.pl\/\"},{\"@type\":\"ListItem\",\"position\":2,\"name\":\"\u00d6sszehasonl\u00edt\u00e1s\"}]},{\"@type\":\"WebSite\",\"@id\":\"https:\/\/impro.yoho.pl\/#website\",\"url\":\"https:\/\/impro.yoho.pl\/\",\"name\":\"IMPRO | THE POWER OF ROOFS\",\"description\":\"Kompletne rozwi\u0105zania dachowe i elewacyjne\",\"potentialAction\":[{\"@type\":\"SearchAction\",\"target\":{\"@type\":\"EntryPoint\",\"urlTemplate\":\"https:\/\/impro.yoho.pl\/?s={search_term_string}\"},\"query-input\":\"required name=search_term_string\"}],\"inLanguage\":\"hu\"}]}<\/script>\n<!-- \/ Yoast SEO plugin. -->","yoast_head_json":{"title":"\u00d6sszehasonl\u00edt\u00e1s - IMPRO | THE POWER OF ROOFS","robots":{"index":"noindex","follow":"follow","max-snippet":"max-snippet:-1","max-image-preview":"max-image-preview:large","max-video-preview":"max-video-preview:-1"},"og_locale":"hu_HU","og_type":"article","og_title":"\u00d6sszehasonl\u00edt\u00e1s - IMPRO | THE POWER OF ROOFS","og_url":"https:\/\/impro.yoho.pl\/comparati\/","og_site_name":"IMPRO | THE POWER OF ROOFS","article_modified_time":"2022-12-13T09:40:07+00:00","twitter_card":"summary_large_image","schema":{"@context":"https:\/\/schema.org","@graph":[{"@type":"WebPage","@id":"https:\/\/impro.yoho.pl\/comparati\/","url":"https:\/\/impro.yoho.pl\/comparati\/","name":"\u00d6sszehasonl\u00edt\u00e1s - IMPRO | THE POWER OF ROOFS","isPartOf":{"@id":"https:\/\/impro.yoho.pl\/#website"},"datePublished":"2022-02-23T07:53:15+00:00","dateModified":"2022-12-13T09:40:07+00:00","breadcrumb":{"@id":"https:\/\/impro.yoho.pl\/comparati\/#breadcrumb"},"inLanguage":"hu","potentialAction":[{"@type":"ReadAction","target":["https:\/\/impro.yoho.pl\/comparati\/"]}]},{"@type":"BreadcrumbList","@id":"https:\/\/impro.yoho.pl\/comparati\/#breadcrumb","itemListElement":[{"@type":"ListItem","position":1,"name":"Home","item":"https:\/\/impro.yoho.pl\/"},{"@type":"ListItem","position":2,"name":"\u00d6sszehasonl\u00edt\u00e1s"}]},{"@type":"WebSite","@id":"https:\/\/impro.yoho.pl\/#website","url":"https:\/\/impro.yoho.pl\/","name":"IMPRO | THE POWER OF ROOFS","description":"Kompletne rozwi\u0105zania dachowe i elewacyjne","potentialAction":[{"@type":"SearchAction","target":{"@type":"EntryPoint","urlTemplate":"https:\/\/impro.yoho.pl\/?s={search_term_string}"},"query-input":"required name=search_term_string"}],"inLanguage":"hu"}]}},"_links":{"self":[{"href":"https:\/\/impro.yoho.pl\/hu\/wp-json\/wp\/v2\/pages\/46721"}],"collection":[{"href":"https:\/\/impro.yoho.pl\/hu\/wp-json\/wp\/v2\/pages"}],"about":[{"href":"https:\/\/impro.yoho.pl\/hu\/wp-json\/wp\/v2\/types\/page"}],"author":[{"embeddable":true,"href":"https:\/\/impro.yoho.pl\/hu\/wp-json\/wp\/v2\/users\/1"}],"replies":[{"embeddable":true,"href":"https:\/\/impro.yoho.pl\/hu\/wp-json\/wp\/v2\/comments?post=46721"}],"version-history":[{"count":2,"href":"https:\/\/impro.yoho.pl\/hu\/wp-json\/wp\/v2\/pages\/46721\/revisions"}],"predecessor-version":[{"id":47361,"href":"https:\/\/impro.yoho.pl\/hu\/wp-json\/wp\/v2\/pages\/46721\/revisions\/47361"}],"wp:attachment":[{"href":"https:\/\/impro.yoho.pl\/hu\/wp-json\/wp\/v2\/media?parent=46721"}],"curies":[{"name":"wp","href":"https:\/\/api.w.org\/{rel}","templated":true}]}}