{"id":47315,"date":"2022-03-28T14:14:19","date_gmt":"2022-03-28T12:14:19","guid":{"rendered":"https:\/\/impro.yoho.pl\/?page_id=47315"},"modified":"2022-12-13T09:47:26","modified_gmt":"2022-12-13T08:47:26","slug":"epiteszek","status":"publish","type":"page","link":"https:\/\/impro.yoho.pl\/hu\/epiteszek\/","title":{"rendered":"Epiteszek"},"content":{"rendered":"\n<div class=\"wp-block-group is-style-with-b2-background\"><div class=\"wp-block-group__inner-container is-layout-flow wp-block-group-is-layout-flow\">\n<div style=\"height:100px\" aria-hidden=\"true\" class=\"wp-block-spacer is-style-small-spacer\"><\/div>\n\n\n\n<p class=\"has-text-align-center noMarginBottom has-red-color has-text-color\"><strong>VANNAK DOLGOK, AMELYEKNEK K\u00d6NNYEN HOZZ\u00c1F\u00c9RHET\u0150NEK KELL LENNI\u00dcK<\/strong><\/p>\n\n\n\n<h2 class=\"has-text-align-center noMarginTop noMarginBottom is-style-h1 wp-block-heading\" style=\"font-size:3.5em\">BP2 BIM K\u00d6NYVT\u00c1R<\/h2>\n\n\n\n<div style=\"height:100px\" aria-hidden=\"true\" class=\"wp-block-spacer is-style-small-spacer\"><\/div>\n<\/div><\/div>\n\n\n\n<div class=\"wp-block-group is-style-narrower-group\"><div class=\"wp-block-group__inner-container is-layout-flow wp-block-group-is-layout-flow\">\n<p class=\"has-text-align-center\" style=\"font-size:22px\">Kedves \u00c9p\u00edt\u00e9sz! J\u00f3l tudjuk, hogy a megfelel\u0151 eszk\u00f6z\u00f6k mennyire megk\u00f6nny\u00edthetik a munk\u00e1t. Az \u00e9p\u00edt\u0151ipar sz\u00e1m\u00e1ra \u00e1tfog\u00f3 megold\u00e1sok gy\u00e1rt\u00f3jak\u00e9nt szeretn\u00e9nk megfelelni az ig\u00e9nyeidnek. Igyeksz\u00fcnk mindent megtenni, hogy ebben a men\u00fcpontban megtal\u00e1ljon mindent, amire \u00e9p\u00edt\u00e9si terveihez sz\u00fcks\u00e9ge lehet.<\/p>\n<\/div><\/div>\n\n\n\n<div class=\"wp-block-group\"><div class=\"wp-block-group__inner-container is-layout-flow wp-block-group-is-layout-flow\">\n<div class=\"wp-block-group alignCenter\"><div class=\"wp-block-group__inner-container is-layout-flow wp-block-group-is-layout-flow\">\n<a href=\"#bel\u00e9p\u00e9s-a-bim-k\u00f6nyvt\u00e1rba\"  class=\"button button--red \">BEL\u00c9P\u00c9S A BIM K\u00d6NYVT\u00c1RBA<\/a><\/div><\/div>\n\n\n\n<div style=\"height:100px\" aria-hidden=\"true\" class=\"wp-block-spacer is-style-small-spacer\"><\/div>\n\n\n\n<div class=\"wp-block-columns is-style-grid fade-in is-layout-flex wp-container-core-columns-is-layout-1 wp-block-columns-is-layout-flex\">\n<div class=\"wp-block-column is-layout-flow wp-block-column-is-layout-flow\">\n<div class=\"wp-block-cover is-style-full-height\"><span aria-hidden=\"true\" class=\"wp-block-cover__background has-background-dim-0 has-background-dim\"><\/span><img loading=\"lazy\" decoding=\"async\" width=\"1537\" height=\"1000\" class=\"wp-block-cover__image-background wp-image-6375\" alt=\"\" src=\"https:\/\/impro.yoho.pl\/wp-content\/uploads\/2022\/03\/BIM_cmyk_250_sp.jpg\" data-object-fit=\"cover\" srcset=\"https:\/\/impro.yoho.pl\/wp-content\/uploads\/2022\/03\/BIM_cmyk_250_sp.jpg 1537w, https:\/\/impro.yoho.pl\/wp-content\/uploads\/2022\/03\/BIM_cmyk_250_sp-820x534.jpg 820w, https:\/\/impro.yoho.pl\/wp-content\/uploads\/2022\/03\/BIM_cmyk_250_sp-1024x666.jpg 1024w, https:\/\/impro.yoho.pl\/wp-content\/uploads\/2022\/03\/BIM_cmyk_250_sp-768x500.jpg 768w\" sizes=\"(max-width: 1537px) 100vw, 1537px\" \/><div class=\"wp-block-cover__inner-container is-layout-flow wp-block-cover-is-layout-flow\">\n<p class=\"has-text-align-center\"><\/p>\n<\/div><\/div>\n<\/div>\n\n\n\n<div class=\"wp-block-column is-vertically-aligned-top is-layout-flow wp-block-column-is-layout-flow\">\n<div class=\"wp-block-cover is-light is-style-full-width\"><span aria-hidden=\"true\" class=\"wp-block-cover__background has-dark-gray-background-color has-background-dim-100 has-background-dim\"><\/span><div class=\"wp-block-cover__inner-container is-layout-flow wp-block-cover-is-layout-flow\">\n<figure style=\"padding:10px;\" class=\"wp-block-image size-full is-resized\"><img loading=\"lazy\" decoding=\"async\" src=\"https:\/\/impro.yoho.pl\/wp-content\/uploads\/2022\/07\/icon-bim.png\" alt=\"\" class=\"wp-image-11813\" width=\"60\" height=\"90\"\/><\/figure>\n\n\n\n<h2 class=\"has-text-align-left is-style-h2 has-large-font-size wp-block-heading\"><strong>BP2 BIM K\u00d6NYVT\u00c1R<\/strong><\/h2>\n\n\n\n<p>Tet\u0151szerkezeti projekten dolgozik, \u00e9s az ig\u00e9nyeinek megfelel\u0151 legel\u0151ny\u00f6sebb megold\u00e1st keresi?<\/p>\n\n\n\n<p>Az \u00d6n rendelkez\u00e9s\u00e9re bocs\u00e1tjuk a <strong>BP2<\/strong> k\u00f6nyvt\u00e1rat, hogy a <strong>BIM<\/strong>-mel \u00f6sszhangban tervezhessen. A pontos modelleknek k\u00f6sz\u00f6nhet\u0151en sokkal gyorsabban \u00e9s egyszer\u0171bben k\u00e9sz\u00edtheti el a teljes kivitel\u00e9si tervet 3D-ben.<\/p>\n\n\n\n<a href=\"#bel\u00e9p\u00e9s-a-bim-k\u00f6nyvt\u00e1rba\"  class=\"button button--blackSpecial \">BIM K\u00d6NYVT\u00c1R<\/a>\n\n\n<div style=\"height:100px\" aria-hidden=\"true\" class=\"wp-block-spacer is-style-smaller-spacer\"><\/div>\n\n\n\n<figure style=\"padding:10px;\" class=\"wp-block-image size-full is-resized\"><img loading=\"lazy\" decoding=\"async\" src=\"https:\/\/impro.yoho.pl\/wp-content\/uploads\/2022\/07\/jak-korzystac.png\" alt=\"\" class=\"wp-image-11830\" width=\"90\" height=\"100\"><\/figure>\n\n\n\n<h2 class=\"has-text-align-left is-style-h2 has-large-font-size wp-block-heading\"><strong>Mi a BIM?<\/strong><\/h2>\n\n\n\n<p class=\"has-text-align-left\">A <strong>BIM<\/strong>, azaz a <strong>Building Information Modeling<\/strong>, az \u00e9p\u00fclet k\u00fcl\u00f6nb\u00f6z\u0151 fizikai \u00e9s funkcion\u00e1lis tulajdons\u00e1gainak digit\u00e1lis r\u00f6gz\u00edt\u00e9se. Gyakran el\u0151fordul, hogy a <strong>Revit<\/strong> programban dolgoz\u00f3 tervez\u0151k nem tudj\u00e1k, hogyan modellezz\u00e9k az el\u0151k\u00e9sz\u00edtett objektumokat, ez\u00e9rt elk\u00e9sz\u00edtett\u00fck az al\u00e1bbi oktat\u00f3filmet, hogy ezzel is a term\u00e9keinkkel val\u00f3 munk\u00e1t seg\u00edts\u00fck.<\/p>\n\n\n\n<a href=\"https:\/\/www.youtube.com\/watch?v=jkm3OrWIZfU\" target=\"_blank\" class=\"button button--blackSpecial \">FILM MEGTEKINT\u00c9SE<\/a><\/div><\/div>\n<\/div>\n<\/div>\n<\/div><\/div>\n\n\n\n<pre id=\"bel\u00e9p\u00e9s-a-bim-k\u00f6nyvt\u00e1rba\" class=\"wp-block-code\"><code><\/code><\/pre>\n\n\n\r\n<div class=\"section__data\" data-section=\"BP2 BIM K\u00d6NYVT\u00c1R\"><\/div>\n\n\n<div class=\"wp-block-group is-style-default\"><div class=\"wp-block-group__inner-container is-layout-flow wp-block-group-is-layout-flow\">\n<div style=\"height:100px\" aria-hidden=\"true\" class=\"wp-block-spacer is-style-small-spacer\"><\/div>\n\n\n\n<div class=\"wp-block-columns is-layout-flex wp-container-core-columns-is-layout-2 wp-block-columns-is-layout-flex\">\n<div class=\"wp-block-column is-style-default is-layout-flow wp-block-column-is-layout-flow\" style=\"flex-basis:100%\">\n<div style=\"position: relative; display: flex; justify-content: center;\">\n  <iframe style=\"display: block; width: 80%; height: 1000px; left: 0px; top: 0px;\" src=\"\/\/bimobject.com\/embed\/bp2\/privatecloud\/bp2-bimobject\" scrolling=\"auto\" frameborder=\"0\"><\/iframe>\n  <\/div>\n<\/div>\n<\/div>\n\n\n\n<div style=\"height:100px\" aria-hidden=\"true\" class=\"wp-block-spacer is-style-small-spacer\"><\/div>\n<\/div><\/div>\n\n\n\n<pre id=\"plugin-revit-bp2\" class=\"wp-block-code\"><code><\/code><\/pre>\n\n\n\n<div class=\"wp-block-group\"><div class=\"wp-block-group__inner-container is-layout-flow wp-block-group-is-layout-flow\">\r\n<div class=\"section__data\" data-section=\"Plugin Revit BP2\"><\/div>\n\n\n<div class=\"wp-block-columns is-style-grid fade-in is-layout-flex wp-container-core-columns-is-layout-3 wp-block-columns-is-layout-flex\">\n<div class=\"wp-block-column is-layout-flow wp-block-column-is-layout-flow\">\n<div class=\"wp-block-cover is-light is-style-full-height\"><span aria-hidden=\"true\" class=\"wp-block-cover__background has-background-dim-0 has-background-dim\"><\/span><img loading=\"lazy\" decoding=\"async\" width=\"1306\" height=\"1864\" class=\"wp-block-cover__image-background wp-image-11856\" alt=\"\" src=\"https:\/\/impro.yoho.pl\/wp-content\/uploads\/2022\/07\/bim-block-left-right.jpg\" data-object-fit=\"cover\" srcset=\"https:\/\/impro.yoho.pl\/wp-content\/uploads\/2022\/07\/bim-block-left-right.jpg 1306w, https:\/\/impro.yoho.pl\/wp-content\/uploads\/2022\/07\/bim-block-left-right-673x960.jpg 673w, https:\/\/impro.yoho.pl\/wp-content\/uploads\/2022\/07\/bim-block-left-right-717x1024.jpg 717w, https:\/\/impro.yoho.pl\/wp-content\/uploads\/2022\/07\/bim-block-left-right-768x1096.jpg 768w, https:\/\/impro.yoho.pl\/wp-content\/uploads\/2022\/07\/bim-block-left-right-1076x1536.jpg 1076w\" sizes=\"(max-width: 1306px) 100vw, 1306px\" \/><div class=\"wp-block-cover__inner-container is-layout-flow wp-block-cover-is-layout-flow\">\n<p class=\"has-text-align-center\"><\/p>\n<\/div><\/div>\n<\/div>\n\n\n\n<div class=\"wp-block-column is-vertically-aligned-top is-layout-flow wp-block-column-is-layout-flow\">\n<div class=\"wp-block-cover is-light is-style-full-width\"><span aria-hidden=\"true\" class=\"wp-block-cover__background has-dark-gray-background-color has-background-dim-100 has-background-dim\"><\/span><div class=\"wp-block-cover__inner-container is-layout-flow wp-block-cover-is-layout-flow\">\n<figure style=\"padding:10px;\" class=\"wp-block-image size-full is-resized\"><img loading=\"lazy\" decoding=\"async\" src=\"https:\/\/impro.yoho.pl\/wp-content\/uploads\/2022\/07\/plugin-bp2.png\" alt=\"\" class=\"wp-image-11884\" width=\"115\" height=\"105\"\/><\/figure>\n\n\n\n<h2 class=\"is-style-h3 wp-block-heading\" id=\"plugin-revit\">Plugin Revit BP2<\/h2>\n\n\n\n<p>A <strong>BP2 Revit Plugin<\/strong> innovat\u00edv funkci\u00f3i lehet\u0151v\u00e9 teszik a tervez\u00e9si id\u0151 cs\u00f6kkent\u00e9s\u00e9t \u00e9s a tervez\u00e9si hib\u00e1k megel\u0151z\u00e9s\u00e9t.<\/p>\n\n\n\n<p>Pluginunkkal a tervez\u00e9s egyszer\u0171 \u00e9s sz\u00f3rakoztat\u00f3, \u00e9s \u00d6n csak a minim\u00e1lisan sz\u00fcks\u00e9ges id\u0151t t\u00f6lti vele!<\/p>\n\n\n\n<p><strong>T\u00f6ltse le a plugint, \u00e9s dolgozzon a BP2 term\u00e9kk\u00f6nyvt\u00e1rral k\u00f6zvetlen\u00fcl a programban.<\/strong><\/p>\n\n\n\n<a href=\"https:\/\/cloud.bp2.pl\/s\/LZHW99qXfCzzrne\" target=\"_blank\" class=\"button button--blackSpecial \">PLUGIN LET\u00d6LT\u00c9SE<\/a><\/div><\/div>\n\n\n\n<div class=\"wp-block-group\"><div class=\"wp-block-group__inner-container is-layout-flow wp-block-group-is-layout-flow\"><\/div><\/div>\n<\/div>\n<\/div>\n<\/div><\/div>\n\n\n\r\n<div class=\"section__data\" data-section=\"3D MODELLEK\"><\/div>\n\n\n<div class=\"wp-block-group has-white-background-color has-background\"><div class=\"wp-block-group__inner-container is-layout-flow wp-block-group-is-layout-flow\">\n<div style=\"height:100px\" aria-hidden=\"true\" id=\"modellek-3d\" class=\"wp-block-spacer is-style-small-spacer\"><\/div>\n\n\n<div class=\"download__wrapper\">\n    <h2 class=\"noMarginTop uppercase download__sectiontitle\">3D MODELLEK<\/h2>\n    <div class=\"download__table\">\n                                            <p class='uppercase'><strong>Modele 3D<\/strong><\/p>\n                                                    <p class='uppercase'><strong>Karty Produkt\u00f3w<\/strong><\/p>\n                            <\/div>\n<\/div>\n\n\n\n<div style=\"height:100px\" aria-hidden=\"true\" class=\"wp-block-spacer is-style-small-spacer\"><\/div>\n<\/div><\/div>\n\n\n\n<div class=\"wp-block-group has-dark-gray-background-color has-background\"><div class=\"wp-block-group__inner-container is-layout-flow wp-block-group-is-layout-flow\">\n<div style=\"height:100px\" aria-hidden=\"true\" class=\"wp-block-spacer is-style-small-spacer\"><\/div>\n\n\n\n<div class=\"wp-block-columns is-style-grid is-layout-flex wp-container-core-columns-is-layout-4 wp-block-columns-is-layout-flex\" id=\"centru-descarcari\">\n<div class=\"wp-block-column is-layout-flow wp-block-column-is-layout-flow\">\n<div class=\"wp-block-cover is-style-content-from-bottom\"><span aria-hidden=\"true\" class=\"wp-block-cover__background has-background-dim\"><\/span><img loading=\"lazy\" decoding=\"async\" width=\"1920\" height=\"1280\" class=\"wp-block-cover__image-background wp-image-6794\" alt=\"\" src=\"https:\/\/impro.yoho.pl\/wp-content\/uploads\/2022\/03\/bp2_skrin_realizacja-5.jpg\" data-object-fit=\"cover\" srcset=\"https:\/\/impro.yoho.pl\/wp-content\/uploads\/2022\/03\/bp2_skrin_realizacja-5.jpg 1920w, https:\/\/impro.yoho.pl\/wp-content\/uploads\/2022\/03\/bp2_skrin_realizacja-5-820x547.jpg 820w, https:\/\/impro.yoho.pl\/wp-content\/uploads\/2022\/03\/bp2_skrin_realizacja-5-1024x683.jpg 1024w, https:\/\/impro.yoho.pl\/wp-content\/uploads\/2022\/03\/bp2_skrin_realizacja-5-768x512.jpg 768w, https:\/\/impro.yoho.pl\/wp-content\/uploads\/2022\/03\/bp2_skrin_realizacja-5-1536x1024.jpg 1536w\" sizes=\"(max-width: 1920px) 100vw, 1920px\" \/><div class=\"wp-block-cover__inner-container is-layout-flow wp-block-cover-is-layout-flow\">\n<div style=\"height:100px\" aria-hidden=\"true\" class=\"wp-block-spacer is-style-medium-spacer\"><\/div>\n\n\n\n<h2 class=\"is-style-h3 wp-block-heading\"><strong>DESPRE NOI<\/strong><\/h2>\n\n\n\n<p><strong><strong><strong>Oameni, Rela\u021bii, Tehnologii, Calitate<\/strong><\/strong><\/strong><\/p>\n\n\n\n<div class=\"wp-block-group\"><div class=\"wp-block-group__inner-container is-layout-flow wp-block-group-is-layout-flow\">\n<a href=\"https:\/\/impro.yoho.pl\/rolunk\/\"  class=\"button button--black \">AFLA\u021aI MAI MULTE<\/a><\/div><\/div>\n<\/div><\/div>\n<\/div>\n\n\n\n<div class=\"wp-block-column is-layout-flow wp-block-column-is-layout-flow\">\n<div class=\"wp-block-cover is-style-content-from-bottom\"><span aria-hidden=\"true\" class=\"wp-block-cover__background has-background-dim\"><\/span><img loading=\"lazy\" decoding=\"async\" width=\"526\" height=\"534\" class=\"wp-block-cover__image-background wp-image-5514\" alt=\"\" src=\"https:\/\/impro.yoho.pl\/wp-content\/uploads\/2022\/03\/MASTER-ROOFER_01-07-2021-23.png\" data-object-fit=\"cover\"\/><div class=\"wp-block-cover__inner-container is-layout-flow wp-block-cover-is-layout-flow\">\n<div style=\"height:100px\" aria-hidden=\"true\" class=\"wp-block-spacer is-style-medium-spacer\"><\/div>\n\n\n\n<h2 class=\"is-style-h3 wp-block-heading\"><strong><strong><strong>ACADEMIA CAMPIONILOR<\/strong><\/strong><\/strong><\/h2>\n\n\n\n<p>Program propriu de instruire \u0219i platform\u0103 de schimb de experien\u021b\u0103.<\/p>\n\n\n\n<div class=\"wp-block-group\"><div class=\"wp-block-group__inner-container is-layout-flow wp-block-group-is-layout-flow\">\n<a href=\"https:\/\/impro.yoho.pl\/hu\/tetofedok-es-kivitelezok\/#bp2-bajnokok-akad%C3%A9mi%C3%A1ja\"  class=\"button button--red \">AL\u0102TURA\u021aI-V\u0102 ACADEMIEI CAMPIONILOR<\/a><\/div><\/div>\n<\/div><\/div>\n<\/div>\n\n\n\n<div class=\"wp-block-column is-layout-flow wp-block-column-is-layout-flow\">\n<div class=\"wp-block-cover is-light is-style-content-from-bottom\"><span aria-hidden=\"true\" class=\"wp-block-cover__background has-background-dim\"><\/span><img loading=\"lazy\" decoding=\"async\" width=\"1500\" height=\"1000\" class=\"wp-block-cover__image-background wp-image-8474\" alt=\"\" src=\"https:\/\/impro.yoho.pl\/wp-content\/uploads\/2022\/04\/BP2_LABORATORIUM_JAKOSCI-2-1.jpg\" data-object-fit=\"cover\" srcset=\"https:\/\/impro.yoho.pl\/wp-content\/uploads\/2022\/04\/BP2_LABORATORIUM_JAKOSCI-2-1.jpg 1500w, https:\/\/impro.yoho.pl\/wp-content\/uploads\/2022\/04\/BP2_LABORATORIUM_JAKOSCI-2-1-820x547.jpg 820w, https:\/\/impro.yoho.pl\/wp-content\/uploads\/2022\/04\/BP2_LABORATORIUM_JAKOSCI-2-1-1024x683.jpg 1024w, https:\/\/impro.yoho.pl\/wp-content\/uploads\/2022\/04\/BP2_LABORATORIUM_JAKOSCI-2-1-768x512.jpg 768w\" sizes=\"(max-width: 1500px) 100vw, 1500px\" \/><div class=\"wp-block-cover__inner-container is-layout-flow wp-block-cover-is-layout-flow\">\n<div style=\"height:100px\" aria-hidden=\"true\" class=\"wp-block-spacer is-style-medium-spacer\"><\/div>\n\n\n\n<h2 class=\"is-style-h3 has-white-color has-text-color wp-block-heading\"><strong><strong><strong>LABORATOR DE CONTROL AL CALIT\u0102\u021aII<\/strong><\/strong><\/strong><\/h2>\n\n\n\n<p class=\"has-white-color has-text-color\">Garant\u0103m calitatea a produselor noastre timp de mul\u021bi ani.<\/p>\n\n\n\n<div class=\"wp-block-group\"><div class=\"wp-block-group__inner-container is-layout-flow wp-block-group-is-layout-flow\">\n<a href=\"https:\/\/impro.yoho.pl\/hu\/rolunk\/#laborat%C3%B3rium\"  class=\"button button--red \">VEDE\u021aI PROCESUL DE TESTARE<\/a><\/div><\/div>\n<\/div><\/div>\n<\/div>\n<\/div>\n\n\n\n<div style=\"height:100px\" aria-hidden=\"true\" class=\"wp-block-spacer is-style-small-spacer\"><\/div>\n<\/div><\/div>\n","protected":false},"excerpt":{"rendered":"<p>VANNAK DOLGOK, AMELYEKNEK K\u00d6NNYEN HOZZ\u00c1F\u00c9RHET\u0150NEK KELL LENNI\u00dcK BP2 BIM K\u00d6NYVT\u00c1R Kedves \u00c9p\u00edt\u00e9sz! J\u00f3l tudjuk, hogy a megfelel\u0151 eszk\u00f6z\u00f6k mennyire megk\u00f6nny\u00edthetik a munk\u00e1t. Az \u00e9p\u00edt\u0151ipar sz\u00e1m\u00e1ra \u00e1tfog\u00f3 megold\u00e1sok gy\u00e1rt\u00f3jak\u00e9nt szeretn\u00e9nk megfelelni az ig\u00e9nyeidnek. Igyeksz\u00fcnk mindent megtenni, hogy ebben a men\u00fcpontban megtal\u00e1ljon mindent, amire \u00e9p\u00edt\u00e9si terveihez sz\u00fcks\u00e9ge lehet.<\/p>\n","protected":false},"author":3,"featured_media":0,"parent":0,"menu_order":24,"comment_status":"closed","ping_status":"closed","template":"","meta":{"_acf_changed":false,"inline_featured_image":false,"footnotes":""},"class_list":["post-47315","page","type-page","status-publish","hentry"],"acf":[],"yoast_head":"<!-- This site is optimized with the Yoast SEO plugin v23.3 - https:\/\/yoast.com\/wordpress\/plugins\/seo\/ -->\n<title>Epiteszek - IMPRO | THE POWER OF ROOFS<\/title>\n<meta name=\"robots\" content=\"noindex, follow, max-snippet:-1, max-image-preview:large, max-video-preview:-1\" \/>\n<meta property=\"og:locale\" content=\"hu_HU\" \/>\n<meta property=\"og:type\" content=\"article\" \/>\n<meta property=\"og:title\" content=\"Epiteszek - IMPRO | THE POWER OF ROOFS\" \/>\n<meta property=\"og:description\" content=\"VANNAK DOLGOK, AMELYEKNEK K\u00d6NNYEN HOZZ\u00c1F\u00c9RHET\u0150NEK KELL LENNI\u00dcK BP2 BIM K\u00d6NYVT\u00c1R Kedves \u00c9p\u00edt\u00e9sz! J\u00f3l tudjuk, hogy a megfelel\u0151 eszk\u00f6z\u00f6k mennyire megk\u00f6nny\u00edthetik a munk\u00e1t. Az \u00e9p\u00edt\u0151ipar sz\u00e1m\u00e1ra \u00e1tfog\u00f3 megold\u00e1sok gy\u00e1rt\u00f3jak\u00e9nt szeretn\u00e9nk megfelelni az ig\u00e9nyeidnek. Igyeksz\u00fcnk mindent megtenni, hogy ebben a men\u00fcpontban megtal\u00e1ljon mindent, amire \u00e9p\u00edt\u00e9si terveihez sz\u00fcks\u00e9ge lehet.\" \/>\n<meta property=\"og:url\" content=\"https:\/\/impro.yoho.pl\/arhitecti\/\" \/>\n<meta property=\"og:site_name\" content=\"IMPRO | THE POWER OF ROOFS\" \/>\n<meta property=\"article:modified_time\" content=\"2022-12-13T08:47:26+00:00\" \/>\n<meta property=\"og:image\" content=\"https:\/\/impro.yoho.pl\/wp-content\/uploads\/2022\/03\/BIM_cmyk_250_sp.jpg\" \/>\n<meta name=\"twitter:card\" content=\"summary_large_image\" \/>\n<meta name=\"twitter:label1\" content=\"Est. reading time\" \/>\n\t<meta name=\"twitter:data1\" content=\"1 perc\" \/>\n<script type=\"application\/ld+json\" class=\"yoast-schema-graph\">{\"@context\":\"https:\/\/schema.org\",\"@graph\":[{\"@type\":\"WebPage\",\"@id\":\"https:\/\/impro.yoho.pl\/arhitecti\/\",\"url\":\"https:\/\/impro.yoho.pl\/arhitecti\/\",\"name\":\"Epiteszek - IMPRO | THE POWER OF ROOFS\",\"isPartOf\":{\"@id\":\"https:\/\/impro.yoho.pl\/#website\"},\"primaryImageOfPage\":{\"@id\":\"https:\/\/impro.yoho.pl\/arhitecti\/#primaryimage\"},\"image\":{\"@id\":\"https:\/\/impro.yoho.pl\/arhitecti\/#primaryimage\"},\"thumbnailUrl\":\"https:\/\/impro.yoho.pl\/wp-content\/uploads\/2022\/03\/BIM_cmyk_250_sp.jpg\",\"datePublished\":\"2022-03-28T12:14:19+00:00\",\"dateModified\":\"2022-12-13T08:47:26+00:00\",\"breadcrumb\":{\"@id\":\"https:\/\/impro.yoho.pl\/arhitecti\/#breadcrumb\"},\"inLanguage\":\"hu\",\"potentialAction\":[{\"@type\":\"ReadAction\",\"target\":[\"https:\/\/impro.yoho.pl\/arhitecti\/\"]}]},{\"@type\":\"ImageObject\",\"inLanguage\":\"hu\",\"@id\":\"https:\/\/impro.yoho.pl\/arhitecti\/#primaryimage\",\"url\":\"https:\/\/impro.yoho.pl\/wp-content\/uploads\/2022\/03\/BIM_cmyk_250_sp.jpg\",\"contentUrl\":\"https:\/\/impro.yoho.pl\/wp-content\/uploads\/2022\/03\/BIM_cmyk_250_sp.jpg\"},{\"@type\":\"BreadcrumbList\",\"@id\":\"https:\/\/impro.yoho.pl\/arhitecti\/#breadcrumb\",\"itemListElement\":[{\"@type\":\"ListItem\",\"position\":1,\"name\":\"Home\",\"item\":\"https:\/\/impro.yoho.pl\/\"},{\"@type\":\"ListItem\",\"position\":2,\"name\":\"Epiteszek\"}]},{\"@type\":\"WebSite\",\"@id\":\"https:\/\/impro.yoho.pl\/#website\",\"url\":\"https:\/\/impro.yoho.pl\/\",\"name\":\"IMPRO | THE POWER OF ROOFS\",\"description\":\"Kompletne rozwi\u0105zania dachowe i elewacyjne\",\"potentialAction\":[{\"@type\":\"SearchAction\",\"target\":{\"@type\":\"EntryPoint\",\"urlTemplate\":\"https:\/\/impro.yoho.pl\/?s={search_term_string}\"},\"query-input\":\"required name=search_term_string\"}],\"inLanguage\":\"hu\"}]}<\/script>\n<!-- \/ Yoast SEO plugin. -->","yoast_head_json":{"title":"Epiteszek - IMPRO | THE POWER OF ROOFS","robots":{"index":"noindex","follow":"follow","max-snippet":"max-snippet:-1","max-image-preview":"max-image-preview:large","max-video-preview":"max-video-preview:-1"},"og_locale":"hu_HU","og_type":"article","og_title":"Epiteszek - IMPRO | THE POWER OF ROOFS","og_description":"VANNAK DOLGOK, AMELYEKNEK K\u00d6NNYEN HOZZ\u00c1F\u00c9RHET\u0150NEK KELL LENNI\u00dcK BP2 BIM K\u00d6NYVT\u00c1R Kedves \u00c9p\u00edt\u00e9sz! J\u00f3l tudjuk, hogy a megfelel\u0151 eszk\u00f6z\u00f6k mennyire megk\u00f6nny\u00edthetik a munk\u00e1t. Az \u00e9p\u00edt\u0151ipar sz\u00e1m\u00e1ra \u00e1tfog\u00f3 megold\u00e1sok gy\u00e1rt\u00f3jak\u00e9nt szeretn\u00e9nk megfelelni az ig\u00e9nyeidnek. Igyeksz\u00fcnk mindent megtenni, hogy ebben a men\u00fcpontban megtal\u00e1ljon mindent, amire \u00e9p\u00edt\u00e9si terveihez sz\u00fcks\u00e9ge lehet.","og_url":"https:\/\/impro.yoho.pl\/arhitecti\/","og_site_name":"IMPRO | THE POWER OF ROOFS","article_modified_time":"2022-12-13T08:47:26+00:00","og_image":[{"url":"https:\/\/impro.yoho.pl\/wp-content\/uploads\/2022\/03\/BIM_cmyk_250_sp.jpg"}],"twitter_card":"summary_large_image","twitter_misc":{"Est. reading time":"1 perc"},"schema":{"@context":"https:\/\/schema.org","@graph":[{"@type":"WebPage","@id":"https:\/\/impro.yoho.pl\/arhitecti\/","url":"https:\/\/impro.yoho.pl\/arhitecti\/","name":"Epiteszek - IMPRO | THE POWER OF ROOFS","isPartOf":{"@id":"https:\/\/impro.yoho.pl\/#website"},"primaryImageOfPage":{"@id":"https:\/\/impro.yoho.pl\/arhitecti\/#primaryimage"},"image":{"@id":"https:\/\/impro.yoho.pl\/arhitecti\/#primaryimage"},"thumbnailUrl":"https:\/\/impro.yoho.pl\/wp-content\/uploads\/2022\/03\/BIM_cmyk_250_sp.jpg","datePublished":"2022-03-28T12:14:19+00:00","dateModified":"2022-12-13T08:47:26+00:00","breadcrumb":{"@id":"https:\/\/impro.yoho.pl\/arhitecti\/#breadcrumb"},"inLanguage":"hu","potentialAction":[{"@type":"ReadAction","target":["https:\/\/impro.yoho.pl\/arhitecti\/"]}]},{"@type":"ImageObject","inLanguage":"hu","@id":"https:\/\/impro.yoho.pl\/arhitecti\/#primaryimage","url":"https:\/\/impro.yoho.pl\/wp-content\/uploads\/2022\/03\/BIM_cmyk_250_sp.jpg","contentUrl":"https:\/\/impro.yoho.pl\/wp-content\/uploads\/2022\/03\/BIM_cmyk_250_sp.jpg"},{"@type":"BreadcrumbList","@id":"https:\/\/impro.yoho.pl\/arhitecti\/#breadcrumb","itemListElement":[{"@type":"ListItem","position":1,"name":"Home","item":"https:\/\/impro.yoho.pl\/"},{"@type":"ListItem","position":2,"name":"Epiteszek"}]},{"@type":"WebSite","@id":"https:\/\/impro.yoho.pl\/#website","url":"https:\/\/impro.yoho.pl\/","name":"IMPRO | THE POWER OF ROOFS","description":"Kompletne rozwi\u0105zania dachowe i elewacyjne","potentialAction":[{"@type":"SearchAction","target":{"@type":"EntryPoint","urlTemplate":"https:\/\/impro.yoho.pl\/?s={search_term_string}"},"query-input":"required name=search_term_string"}],"inLanguage":"hu"}]}},"_links":{"self":[{"href":"https:\/\/impro.yoho.pl\/hu\/wp-json\/wp\/v2\/pages\/47315"}],"collection":[{"href":"https:\/\/impro.yoho.pl\/hu\/wp-json\/wp\/v2\/pages"}],"about":[{"href":"https:\/\/impro.yoho.pl\/hu\/wp-json\/wp\/v2\/types\/page"}],"author":[{"embeddable":true,"href":"https:\/\/impro.yoho.pl\/hu\/wp-json\/wp\/v2\/users\/3"}],"replies":[{"embeddable":true,"href":"https:\/\/impro.yoho.pl\/hu\/wp-json\/wp\/v2\/comments?post=47315"}],"version-history":[{"count":1,"href":"https:\/\/impro.yoho.pl\/hu\/wp-json\/wp\/v2\/pages\/47315\/revisions"}],"predecessor-version":[{"id":47316,"href":"https:\/\/impro.yoho.pl\/hu\/wp-json\/wp\/v2\/pages\/47315\/revisions\/47316"}],"wp:attachment":[{"href":"https:\/\/impro.yoho.pl\/hu\/wp-json\/wp\/v2\/media?parent=47315"}],"curies":[{"name":"wp","href":"https:\/\/api.w.org\/{rel}","templated":true}]}}