{"id":33558,"date":"2022-03-28T15:26:09","date_gmt":"2022-03-28T13:26:09","guid":{"rendered":"https:\/\/impro.yoho.pl\/produkt\/kasetony-elewacyjne-skrin\/"},"modified":"2023-02-17T09:19:51","modified_gmt":"2023-02-17T08:19:51","slug":"skrin-kazettas-homlokzatburkolat-skrin","status":"publish","type":"product","link":"https:\/\/impro.yoho.pl\/hu\/term\u00e9k\/skrin-kazettas-homlokzatburkolat-skrin\/","title":{"rendered":"SKRIN KAZETT\u00c1S HOMLOKZATBURKOLAT SKRIN"},"content":{"rendered":"\n<div class=\"wp-block-group\"><div class=\"wp-block-group__inner-container is-layout-flow wp-block-group-is-layout-flow\">\n<div class=\"wp-block-spacer is-style-small-spacer\" style=\"height: 100px;\" aria-hidden=\"true\">\u00a0<\/div>\n\n\n\r\n<div class=\"section__data\" data-section=\"ALKALMAZ\u00c1S\"><\/div>\n\n\n<div class=\"wp-block-columns is-layout-flex wp-container-core-columns-is-layout-1 wp-block-columns-is-layout-flex\">\n<div class=\"wp-block-column is-vertically-aligned-center is-layout-flow wp-block-column-is-layout-flow\" style=\"flex-basis:50%\"><div class=\"wp-block-image\">\n<figure class=\"aligncenter size-full\"><img loading=\"lazy\" decoding=\"async\" width=\"805\" height=\"562\" src=\"https:\/\/impro.yoho.pl\/wp-content\/uploads\/2022\/03\/bp2_skrin_1.png\" alt=\"\" class=\"wp-image-6777\" srcset=\"https:\/\/impro.yoho.pl\/wp-content\/uploads\/2022\/03\/bp2_skrin_1.png 805w, https:\/\/impro.yoho.pl\/wp-content\/uploads\/2022\/03\/bp2_skrin_1-768x536.png 768w\" sizes=\"(max-width: 805px) 100vw, 805px\" \/><\/figure><\/div><\/div>\n\n\n\n<div class=\"wp-block-column has-dark-gray-background-color has-background is-layout-flow wp-block-column-is-layout-flow\" style=\"flex-basis:50%\">\n<div class=\"wp-block-cover is-light is-style-full-width\"><span aria-hidden=\"true\" class=\"wp-block-cover__background has-dark-gray-background-color has-background-dim-100 has-background-dim\"><\/span><div class=\"wp-block-cover__inner-container is-layout-flow wp-block-cover-is-layout-flow\">\n<p>A SKRIN kazett\u00e1s homlokzatburkolat haszn\u00e1lata lehet\u0151v\u00e9 teszi homlokzati fel\u00fcletek eszt\u00e9tikus \u00e9s tart\u00f3s kivitelez\u00e9s\u00e9t. Alkakmazhat\u00f3k az eg\u00e9sz \u00e9p\u00fcleten vagy kiv\u00e1lasztott reprezentat\u00edv r\u00e9szeken, p\u00e9ld\u00e1ul az \u00e9p\u00fclet bej\u00e1rati homlokzatain vagy irodai r\u00e9szein. Az \u00e9p\u00fclet egyes homlokzati r\u00e9szeinek kifinomult form\u00e1val \u00e9s lez\u00e1r\u00e1sokkal val\u00f3 megk\u00fcl\u00f6nb\u00f6ztet\u00e9se gyakori megold\u00e1s a modern \u00e9p\u00edt\u00e9szetben.<\/p>\n\n\n\n<p>Az ilyen projektekn\u00e9l a kazett\u00e1s homlokzatburkolat sz\u00e9les sz\u00ednv\u00e1laszt\u00e9knak \u00e9s a m\u00e9retek rugalmass\u00e1g\u00e1nak k\u00f6sz\u00f6nhet\u0151en t\u00f6k\u00e9letes v\u00e1laszt\u00e1s. A homlokzat magas eszt\u00e9tik\u00e1j\u00e1nak \u00e9s funkcionalit\u00e1s\u00e1nak fenntart\u00e1sa \u00e9rdek\u00e9ben a rendszerhez sarok idomokat \u00e9s egyedileg gy\u00e1rtott elemeket biztos\u00edtunk.<\/p>\n\n\n\n<p>[1] Ac\u00e9l Falkazetta.<br>[2] \u00c1sv\u00e1nygyapot &#8211; H\u0151szigetel\u00e9s.<br>[3] P01 K\u00f6zbens\u0151 Profil 20\/50.<br>[4] Sz\u00e9lv\u00e9d\u0151 F\u00f3lia.<br>[5] T\u00e1maszt\u00f3 Oszlop.<br>[6] T\u00f6m\u00edt\u00e9s.<br>[7] R\u00f6gz\u00edt\u0151elem (Bel\u0151tt D\u00fcbel Vagy Csavar).<br>[8] P03 Alapprofil 20\/90.<br>[9] \u00d6nf\u00far\u00f3 Csavar [10] \u00d6nf\u00far\u00f3 Csavar [11] Skrin<br>Kazett\u00e1s Homlokzatburkolat<\/p>\n\n\n\n<p class=\"has-text-align-center\">&nbsp;<\/p>\n<\/div><\/div>\n<\/div>\n<\/div>\n\n\n\n<div class=\"wp-block-columns is-layout-flex wp-container-core-columns-is-layout-2 wp-block-columns-is-layout-flex\">\n<div class=\"wp-block-column is-style-default is-layout-flow wp-block-column-is-layout-flow\" style=\"flex-basis:50%\">\n<div class=\"wp-block-cover is-light is-style-full-width\"><span aria-hidden=\"true\" class=\"wp-block-cover__background has-dark-gray-background-color has-background-dim-100 has-background-dim\"><\/span><div class=\"wp-block-cover__inner-container is-layout-flow wp-block-cover-is-layout-flow\">\n<p>A SKRIN kazett\u00e1s homlokzatburkolat kazettainak r\u00f6gz\u00edt\u00e9se bab alak\u00fa ny\u00edl\u00e1sokon kereszt\u00fcl t\u00f6rt\u00e9nik, lehet\u0151v\u00e9 t\u00e9ve a fesz\u00fclts\u00e9gek kompenz\u00e1l\u00e1s\u00e1t. Mivel az alapprofilok P03 20\/90 a kazett\u00e1k f\u00fcgg\u0151leges \u00f6sszek\u00f6ttet\u00e9s\u00e9nek alapj\u00e1t k\u00e9pezik , a kazett\u00e1kkal azonos sz\u00edn\u0171ek \u00e9s ez\u00e1ltal az egys\u00e9ges fel\u00fclet hat\u00e1s\u00e1t keltik. A tov\u00e1bbi merev\u00edt\u00e9shez a P01 20\/50 k\u00f6zbens\u0151 profilokat haszn\u00e1ljuk. A falkazett\u00e1k v\u00edzszintes \u00f6sszek\u00f6t\u00e9se z\u00e1r megold\u00e1son alapul, a falkazett\u00e1k megfelel\u0151en profilozott fels\u0151 \u00e9s als\u00f3 \u00e9leinek k\u00f6sz\u00f6nhet\u0151en.<\/p>\n\n\n\n<p>A SKRIN homlokzati kazett\u00e1k haszn\u00e1lat\u00e1val \u00e9p\u00edtett f\u00fcgg\u00f6nyfalak el\u0151nye a gyors \u00e9s egyszer\u0171 \u00f6sszeszerel\u00e9s. B\u00e1rmilyen falon felhaszn\u00e1lhat\u00f3k, mert egy konstrukci\u00f3ra vannak f\u00fcggesztve, amely egy P03 20\/90 alapprofilb\u00f3l k\u00e9sz\u00fclt ac\u00e9lr\u00e1cs.<\/p>\n\n\n\n<p>[1] Falazott Homlokzat<br>[2] Z Profilokb\u00f3l K\u00e9sz\u00fclt Falk\u00f6t\u0151gerenda<br>[3] F\u00fcgg\u0151leges Szerel\u00e9si R\u00e1cs Profilokb\u00f3l.<br>[4] \u00c1sv\u00e1nygyapot &#8211; H\u0151szigetel\u00e9s.<br>[5] Sz\u00e9lv\u00e9d\u0151 F\u00f3lia.<br>[6] Skrin Kazett\u00e1s Homlokzatburkolat<\/p>\n<\/div><\/div>\n<\/div>\n\n\n\n<div class=\"wp-block-column is-vertically-aligned-center is-layout-flow wp-block-column-is-layout-flow\" style=\"flex-basis:50%\"><div class=\"wp-block-image\">\n<figure class=\"aligncenter size-full\"><img loading=\"lazy\" decoding=\"async\" width=\"805\" height=\"562\" src=\"https:\/\/impro.yoho.pl\/wp-content\/uploads\/2022\/03\/bp2_skrin_2-2.png\" alt=\"\" class=\"wp-image-6793\" srcset=\"https:\/\/impro.yoho.pl\/wp-content\/uploads\/2022\/03\/bp2_skrin_2-2.png 805w, https:\/\/impro.yoho.pl\/wp-content\/uploads\/2022\/03\/bp2_skrin_2-2-768x536.png 768w\" sizes=\"(max-width: 805px) 100vw, 805px\" \/><\/figure><\/div><\/div>\n<\/div>\n<\/div><\/div>\n\n\n\n<p>&nbsp;<\/p>\n","protected":false},"featured_media":11412,"menu_order":67,"template":"","product_category":[],"warranty":[],"product_serie":[],"class_list":["post-33558","product","type-product","status-publish","has-post-thumbnail","hentry"],"acf":[],"yoast_head":"<!-- This site is optimized with the Yoast SEO plugin v23.3 - https:\/\/yoast.com\/wordpress\/plugins\/seo\/ -->\n<title>SKRIN KAZETT\u00c1S HOMLOKZATBURKOLAT SKRIN - IMPRO | THE POWER OF ROOFS<\/title>\n<meta name=\"robots\" content=\"noindex, follow, max-snippet:-1, max-image-preview:large, max-video-preview:-1\" \/>\n<meta property=\"og:locale\" content=\"hu_HU\" \/>\n<meta property=\"og:type\" content=\"article\" \/>\n<meta property=\"og:title\" content=\"SKRIN KAZETT\u00c1S HOMLOKZATBURKOLAT SKRIN - IMPRO | THE POWER OF ROOFS\" \/>\n<meta property=\"og:description\" content=\"&nbsp;\" \/>\n<meta property=\"og:url\" content=\"https:\/\/impro.yoho.pl\/term\u00e9k\/casete-de-fatada-skrin\/\" \/>\n<meta property=\"og:site_name\" content=\"IMPRO | THE POWER OF ROOFS\" \/>\n<meta property=\"article:modified_time\" content=\"2023-02-17T08:19:51+00:00\" \/>\n<meta property=\"og:image\" content=\"https:\/\/impro.yoho.pl\/wp-content\/uploads\/2022\/03\/KASETONY-SKRIN-BG.png\" \/>\n\t<meta property=\"og:image:width\" content=\"805\" \/>\n\t<meta property=\"og:image:height\" content=\"562\" \/>\n\t<meta property=\"og:image:type\" content=\"image\/png\" \/>\n<meta name=\"twitter:card\" content=\"summary_large_image\" \/>\n<meta name=\"twitter:label1\" content=\"Est. reading time\" \/>\n\t<meta name=\"twitter:data1\" content=\"2 perc\" \/>\n<script type=\"application\/ld+json\" class=\"yoast-schema-graph\">{\"@context\":\"https:\/\/schema.org\",\"@graph\":[{\"@type\":\"WebPage\",\"@id\":\"https:\/\/impro.yoho.pl\/term\u00e9k\/casete-de-fatada-skrin\/\",\"url\":\"https:\/\/impro.yoho.pl\/term\u00e9k\/casete-de-fatada-skrin\/\",\"name\":\"SKRIN KAZETT\u00c1S HOMLOKZATBURKOLAT SKRIN - IMPRO | THE POWER OF ROOFS\",\"isPartOf\":{\"@id\":\"https:\/\/impro.yoho.pl\/#website\"},\"primaryImageOfPage\":{\"@id\":\"https:\/\/impro.yoho.pl\/term\u00e9k\/casete-de-fatada-skrin\/#primaryimage\"},\"image\":{\"@id\":\"https:\/\/impro.yoho.pl\/term\u00e9k\/casete-de-fatada-skrin\/#primaryimage\"},\"thumbnailUrl\":\"https:\/\/impro.yoho.pl\/wp-content\/uploads\/2022\/03\/KASETONY-SKRIN-BG.png\",\"datePublished\":\"2022-03-28T13:26:09+00:00\",\"dateModified\":\"2023-02-17T08:19:51+00:00\",\"breadcrumb\":{\"@id\":\"https:\/\/impro.yoho.pl\/term\u00e9k\/casete-de-fatada-skrin\/#breadcrumb\"},\"inLanguage\":\"hu\",\"potentialAction\":[{\"@type\":\"ReadAction\",\"target\":[\"https:\/\/impro.yoho.pl\/term\u00e9k\/casete-de-fatada-skrin\/\"]}]},{\"@type\":\"ImageObject\",\"inLanguage\":\"hu\",\"@id\":\"https:\/\/impro.yoho.pl\/term\u00e9k\/casete-de-fatada-skrin\/#primaryimage\",\"url\":\"https:\/\/impro.yoho.pl\/wp-content\/uploads\/2022\/03\/KASETONY-SKRIN-BG.png\",\"contentUrl\":\"https:\/\/impro.yoho.pl\/wp-content\/uploads\/2022\/03\/KASETONY-SKRIN-BG.png\",\"width\":805,\"height\":562},{\"@type\":\"BreadcrumbList\",\"@id\":\"https:\/\/impro.yoho.pl\/term\u00e9k\/casete-de-fatada-skrin\/#breadcrumb\",\"itemListElement\":[{\"@type\":\"ListItem\",\"position\":1,\"name\":\"Home\",\"item\":\"https:\/\/impro.yoho.pl\/\"},{\"@type\":\"ListItem\",\"position\":2,\"name\":\"SKRIN KAZETT\u00c1S HOMLOKZATBURKOLAT SKRIN\"}]},{\"@type\":\"WebSite\",\"@id\":\"https:\/\/impro.yoho.pl\/#website\",\"url\":\"https:\/\/impro.yoho.pl\/\",\"name\":\"IMPRO | THE POWER OF ROOFS\",\"description\":\"Kompletne rozwi\u0105zania dachowe i elewacyjne\",\"potentialAction\":[{\"@type\":\"SearchAction\",\"target\":{\"@type\":\"EntryPoint\",\"urlTemplate\":\"https:\/\/impro.yoho.pl\/?s={search_term_string}\"},\"query-input\":\"required name=search_term_string\"}],\"inLanguage\":\"hu\"}]}<\/script>\n<!-- \/ Yoast SEO plugin. -->","yoast_head_json":{"title":"SKRIN KAZETT\u00c1S HOMLOKZATBURKOLAT SKRIN - IMPRO | THE POWER OF ROOFS","robots":{"index":"noindex","follow":"follow","max-snippet":"max-snippet:-1","max-image-preview":"max-image-preview:large","max-video-preview":"max-video-preview:-1"},"og_locale":"hu_HU","og_type":"article","og_title":"SKRIN KAZETT\u00c1S HOMLOKZATBURKOLAT SKRIN - IMPRO | THE POWER OF ROOFS","og_description":"&nbsp;","og_url":"https:\/\/impro.yoho.pl\/term\u00e9k\/casete-de-fatada-skrin\/","og_site_name":"IMPRO | THE POWER OF ROOFS","article_modified_time":"2023-02-17T08:19:51+00:00","og_image":[{"width":805,"height":562,"url":"https:\/\/impro.yoho.pl\/wp-content\/uploads\/2022\/03\/KASETONY-SKRIN-BG.png","type":"image\/png"}],"twitter_card":"summary_large_image","twitter_misc":{"Est. reading time":"2 perc"},"schema":{"@context":"https:\/\/schema.org","@graph":[{"@type":"WebPage","@id":"https:\/\/impro.yoho.pl\/term\u00e9k\/casete-de-fatada-skrin\/","url":"https:\/\/impro.yoho.pl\/term\u00e9k\/casete-de-fatada-skrin\/","name":"SKRIN KAZETT\u00c1S HOMLOKZATBURKOLAT SKRIN - IMPRO | THE POWER OF ROOFS","isPartOf":{"@id":"https:\/\/impro.yoho.pl\/#website"},"primaryImageOfPage":{"@id":"https:\/\/impro.yoho.pl\/term\u00e9k\/casete-de-fatada-skrin\/#primaryimage"},"image":{"@id":"https:\/\/impro.yoho.pl\/term\u00e9k\/casete-de-fatada-skrin\/#primaryimage"},"thumbnailUrl":"https:\/\/impro.yoho.pl\/wp-content\/uploads\/2022\/03\/KASETONY-SKRIN-BG.png","datePublished":"2022-03-28T13:26:09+00:00","dateModified":"2023-02-17T08:19:51+00:00","breadcrumb":{"@id":"https:\/\/impro.yoho.pl\/term\u00e9k\/casete-de-fatada-skrin\/#breadcrumb"},"inLanguage":"hu","potentialAction":[{"@type":"ReadAction","target":["https:\/\/impro.yoho.pl\/term\u00e9k\/casete-de-fatada-skrin\/"]}]},{"@type":"ImageObject","inLanguage":"hu","@id":"https:\/\/impro.yoho.pl\/term\u00e9k\/casete-de-fatada-skrin\/#primaryimage","url":"https:\/\/impro.yoho.pl\/wp-content\/uploads\/2022\/03\/KASETONY-SKRIN-BG.png","contentUrl":"https:\/\/impro.yoho.pl\/wp-content\/uploads\/2022\/03\/KASETONY-SKRIN-BG.png","width":805,"height":562},{"@type":"BreadcrumbList","@id":"https:\/\/impro.yoho.pl\/term\u00e9k\/casete-de-fatada-skrin\/#breadcrumb","itemListElement":[{"@type":"ListItem","position":1,"name":"Home","item":"https:\/\/impro.yoho.pl\/"},{"@type":"ListItem","position":2,"name":"SKRIN KAZETT\u00c1S HOMLOKZATBURKOLAT SKRIN"}]},{"@type":"WebSite","@id":"https:\/\/impro.yoho.pl\/#website","url":"https:\/\/impro.yoho.pl\/","name":"IMPRO | THE POWER OF ROOFS","description":"Kompletne rozwi\u0105zania dachowe i elewacyjne","potentialAction":[{"@type":"SearchAction","target":{"@type":"EntryPoint","urlTemplate":"https:\/\/impro.yoho.pl\/?s={search_term_string}"},"query-input":"required name=search_term_string"}],"inLanguage":"hu"}]}},"_links":{"self":[{"href":"https:\/\/impro.yoho.pl\/hu\/wp-json\/wp\/v2\/product\/33558"}],"collection":[{"href":"https:\/\/impro.yoho.pl\/hu\/wp-json\/wp\/v2\/product"}],"about":[{"href":"https:\/\/impro.yoho.pl\/hu\/wp-json\/wp\/v2\/types\/product"}],"wp:featuredmedia":[{"embeddable":true,"href":"https:\/\/impro.yoho.pl\/hu\/wp-json\/wp\/v2\/media\/11412"}],"wp:attachment":[{"href":"https:\/\/impro.yoho.pl\/hu\/wp-json\/wp\/v2\/media?parent=33558"}],"wp:term":[{"taxonomy":"product_category","embeddable":true,"href":"https:\/\/impro.yoho.pl\/hu\/wp-json\/wp\/v2\/product_category?post=33558"},{"taxonomy":"warranty","embeddable":true,"href":"https:\/\/impro.yoho.pl\/hu\/wp-json\/wp\/v2\/warranty?post=33558"},{"taxonomy":"product_serie","embeddable":true,"href":"https:\/\/impro.yoho.pl\/hu\/wp-json\/wp\/v2\/product_serie?post=33558"}],"curies":[{"name":"wp","href":"https:\/\/api.w.org\/{rel}","templated":true}]}}