{"id":33620,"date":"2022-03-23T10:08:47","date_gmt":"2022-03-23T09:08:47","guid":{"rendered":"https:\/\/impro.yoho.pl\/produkt\/uslugi-ciecia-i-przewijania\/"},"modified":"2022-12-13T13:14:06","modified_gmt":"2022-12-13T12:14:06","slug":"vagasi-es-attekercselesi-szolgaltatasok","status":"publish","type":"product","link":"https:\/\/impro.yoho.pl\/hu\/term\u00e9k\/vagasi-es-attekercselesi-szolgaltatasok\/","title":{"rendered":"V\u00c1G\u00c1SI \u00c9S \u00c1TTEKERCSEL\u00c9SI SZOLG\u00c1LTAT\u00c1SOK"},"content":{"rendered":"\n<div class=\"wp-block-group\"><div class=\"wp-block-group__inner-container is-layout-flow wp-block-group-is-layout-flow\">\n<div style=\"height:100px\" aria-hidden=\"true\" class=\"wp-block-spacer is-style-small-spacer\"><\/div>\n\n\n\n<div class=\"wp-block-columns is-style-mobile-reverse is-layout-flex wp-container-core-columns-is-layout-1 wp-block-columns-is-layout-flex\">\n<div class=\"wp-block-column has-dark-gray-background-color has-background is-layout-flow wp-block-column-is-layout-flow\">\n<div class=\"wp-block-cover is-light is-style-full-height\"><span aria-hidden=\"true\" class=\"wp-block-cover__background has-dark-gray-background-color has-background-dim-100 has-background-dim\"><\/span><div class=\"wp-block-cover__inner-container is-layout-flow wp-block-cover-is-layout-flow\">\n<p>V\u00e1g\u00e1s el\u0151tt a lemezt fel lehet v\u00e9d\u0151f\u00f3li\u00e1zni vagy p\u00e1ramentes\u00edt\u0151 bevonattal ell\u00e1tni.<\/p>\n\n\n\n<p><strong><strong>Bemeneti param\u00e9terek<\/strong><\/strong><\/p>\n\n\n\n<figure class=\"wp-block-table\"><table class=\"has-fixed-layout\"><tbody><tr><td>A tekercsek maxim\u00e1lis s\u00falya<\/td><td>10 T<\/td><\/tr><tr><td>A szalag maxim\u00e1lis sz\u00e9less\u00e9ge<\/td><td>1500 mm<\/td><\/tr><tr><td>Lemezvastags\u00e1g<\/td><td>0,4\u20132,0 mm<\/td><\/tr><\/tbody><\/table><\/figure>\n<\/div><\/div>\n<\/div>\n\n\n\n<div class=\"wp-block-column is-vertically-aligned-center has-white-background-color has-background is-layout-flow wp-block-column-is-layout-flow\"><div class=\"wp-block-image\">\n<figure class=\"aligncenter size-full\"><img loading=\"lazy\" decoding=\"async\" width=\"510\" height=\"216\" src=\"https:\/\/impro.yoho.pl\/wp-content\/uploads\/2022\/03\/SCS_ciecie_przewijanie_1.png\" alt=\"\" class=\"wp-image-5133\"\/><\/figure><\/div><\/div>\n<\/div>\n\n\n\n<div class=\"wp-block-columns is-style-default is-layout-flex wp-container-core-columns-is-layout-2 wp-block-columns-is-layout-flex\">\n<div class=\"wp-block-column is-vertically-aligned-center is-layout-flow wp-block-column-is-layout-flow\"><div class=\"wp-block-image\">\n<figure class=\"aligncenter size-full\"><img loading=\"lazy\" decoding=\"async\" width=\"510\" height=\"216\" src=\"https:\/\/impro.yoho.pl\/wp-content\/uploads\/2022\/03\/SCS_ciecie_przewijanie_2.png\" alt=\"\" class=\"wp-image-5142\"\/><\/figure><\/div><\/div>\n\n\n\n<div class=\"wp-block-column is-vertically-aligned-center has-white-background-color has-background is-layout-flow wp-block-column-is-layout-flow\">\n<div class=\"wp-block-cover is-light is-style-full-height\"><span aria-hidden=\"true\" class=\"wp-block-cover__background has-dark-gray-background-color has-background-dim-100 has-background-dim\"><\/span><div class=\"wp-block-cover__inner-container is-layout-flow wp-block-cover-is-layout-flow\">\n<p>Tekercsek \u00e1ttekercsel\u00e9se has\u00edt\u00e1s n\u00e9lk\u00fcl.<\/p>\n\n\n\n<p><strong><strong>M\u0171szaki param\u00e9terek*<\/strong><\/strong><\/p>\n\n\n\n<figure class=\"wp-block-table\"><table class=\"has-fixed-layout\"><tbody><tr><td>A tekercsek maxim\u00e1lis s\u00falya<\/td><td>10 T<\/td><\/tr><tr><td>A szalag maxim\u00e1lis sz\u00e9less\u00e9ge<\/td><td>1500 mm<\/td><\/tr><tr><td>Lemezvastags\u00e1g<\/td><td>0,4\u20132,0 mm<\/td><\/tr><\/tbody><\/table><\/figure>\n<\/div><\/div>\n<\/div>\n<\/div>\n\n\n\n<div class=\"wp-block-columns is-style-mobile-reverse is-layout-flex wp-container-core-columns-is-layout-3 wp-block-columns-is-layout-flex\">\n<div class=\"wp-block-column has-dark-gray-background-color has-background is-layout-flow wp-block-column-is-layout-flow\">\n<div class=\"wp-block-cover is-light is-style-full-height\"><span aria-hidden=\"true\" class=\"wp-block-cover__background has-dark-gray-background-color has-background-dim-100 has-background-dim\"><\/span><div class=\"wp-block-cover__inner-container is-layout-flow wp-block-cover-is-layout-flow\">\n<p>Keresztir\u00e1ny\u00fa v\u00e1g\u00e1s vagy t\u00e1bl\u00e1s\u00edt\u00e1s egyedi ig\u00e9nyek szerint.<\/p>\n\n\n\n<p><strong><strong>M\u0171szaki param\u00e9terek*<\/strong><\/strong><\/p>\n\n\n\n<figure class=\"wp-block-table\"><table class=\"has-fixed-layout\"><tbody><tr><td>Lemezvastags\u00e1g<\/td><td>0,4\u20132,0 mm<\/td><\/tr><tr><td>Minim\u00e1lis form\u00e1tumm\u00e9ret<\/td><td>70\u00d7100 mm<\/td><\/tr><tr><td>Maxim\u00e1lis t\u00e1blahossz<\/td><td>6000 mm<\/td><\/tr><\/tbody><\/table><\/figure>\n<\/div><\/div>\n<\/div>\n\n\n\n<div class=\"wp-block-column is-vertically-aligned-center has-white-background-color has-background is-layout-flow wp-block-column-is-layout-flow\"><div class=\"wp-block-image\">\n<figure class=\"aligncenter size-full\"><img loading=\"lazy\" decoding=\"async\" width=\"510\" height=\"216\" src=\"https:\/\/impro.yoho.pl\/wp-content\/uploads\/2022\/03\/SCS_ciecie_przewijanie_3.png\" alt=\"\" class=\"wp-image-5147\"\/><\/figure><\/div><\/div>\n<\/div>\n\n\n\n<div class=\"wp-block-columns is-style-default is-layout-flex wp-container-core-columns-is-layout-4 wp-block-columns-is-layout-flex\">\n<div class=\"wp-block-column is-vertically-aligned-center is-layout-flow wp-block-column-is-layout-flow\"><div class=\"wp-block-image\">\n<figure class=\"aligncenter size-full\"><img loading=\"lazy\" decoding=\"async\" width=\"510\" height=\"216\" src=\"https:\/\/impro.yoho.pl\/wp-content\/uploads\/2022\/03\/SCS_ciecie_przewijanie_4.png\" alt=\"\" class=\"wp-image-5152\"\/><\/figure><\/div><\/div>\n\n\n\n<div class=\"wp-block-column is-vertically-aligned-center has-white-background-color has-background is-layout-flow wp-block-column-is-layout-flow\">\n<div class=\"wp-block-cover is-light is-style-full-height\"><span aria-hidden=\"true\" class=\"wp-block-cover__background has-dark-gray-background-color has-background-dim-100 has-background-dim\"><\/span><div class=\"wp-block-cover__inner-container is-layout-flow wp-block-cover-is-layout-flow\">\n<p>Hosszir\u00e1ny\u00fa v\u00e1g\u00e1s, szalagokra has\u00edt\u00e1s egyedi ig\u00e9nyek<br>szerint<\/p>\n\n\n\n<p><strong><strong>M\u0171szaki param\u00e9terek*<\/strong><\/strong><\/p>\n\n\n\n<figure class=\"wp-block-table\"><table class=\"has-fixed-layout\"><tbody><tr><td>Lemezvastags\u00e1g<\/td><td>0,4\u20132,0 mm<\/td><\/tr><tr><td>Szalag minim\u00e1lis sz\u00e9less\u00e9ge<\/td><td>70 mm<\/td><\/tr><\/tbody><\/table><\/figure>\n<\/div><\/div>\n<\/div>\n<\/div>\n\n\n\n<p><br>* A bemutatott adatok a BP2 k\u00edn\u00e1latb\u00f3l sz\u00e1rmaz\u00f3 alapanyagra vonatkoznak. A megb\u00edz\u00f3k \u00e1ltal biztos\u00edtott anyag param\u00e9tereinek egyeztet\u00e9s\u00e9hez konzult\u00e1lnia kell az \u00e9rt\u00e9kes\u00edt\u00e9si oszt\u00e1llyal. A tekercs \u00e1ttekercsel\u00e9s\u00e9n\u00e9l \u00e9s hosszir\u00e1ny\u00fa has\u00edt\u00e1s\u00e1n\u00e1l a k\u00f6vetkez\u0151 szabv\u00e1nyok szerinti koh\u00e1szati t\u0171r\u00e9sek \u00e9rv\u00e9nyesek:<\/p>\n\n\n\n<ul class=\"wp-block-list\">\n<li>m\u00e9ret- \u00e9s alakt\u0171r\u00e9s: EN 10143,<\/li>\n\n\n\n<li>f\u00e9mbevonatok \u00e9s fel\u00fcletmin\u0151s\u00e9g: EN 10326, EN 10327,<\/li>\n\n\n\n<li>szerves bevonatok \u00e9s fel\u00fcletmin\u0151s\u00e9g: EN 10169.<\/li>\n<\/ul>\n<\/div><\/div>\n","protected":false},"featured_media":17158,"menu_order":122,"template":"","product_category":[],"warranty":[],"product_serie":[],"class_list":["post-33620","product","type-product","status-publish","has-post-thumbnail","hentry"],"acf":[],"yoast_head":"<!-- This site is optimized with the Yoast SEO plugin v23.3 - https:\/\/yoast.com\/wordpress\/plugins\/seo\/ -->\n<title>V\u00c1G\u00c1SI \u00c9S \u00c1TTEKERCSEL\u00c9SI SZOLG\u00c1LTAT\u00c1SOK - IMPRO | THE POWER OF ROOFS<\/title>\n<meta name=\"robots\" content=\"noindex, follow, max-snippet:-1, max-image-preview:large, max-video-preview:-1\" \/>\n<meta property=\"og:locale\" content=\"hu_HU\" \/>\n<meta property=\"og:type\" content=\"article\" \/>\n<meta property=\"og:title\" content=\"V\u00c1G\u00c1SI \u00c9S \u00c1TTEKERCSEL\u00c9SI SZOLG\u00c1LTAT\u00c1SOK - IMPRO | THE POWER OF ROOFS\" \/>\n<meta property=\"og:description\" content=\"* A bemutatott adatok a BP2 k\u00edn\u00e1latb\u00f3l sz\u00e1rmaz\u00f3 alapanyagra vonatkoznak. A megb\u00edz\u00f3k \u00e1ltal biztos\u00edtott anyag param\u00e9tereinek egyeztet\u00e9s\u00e9hez konzult\u00e1lnia kell az \u00e9rt\u00e9kes\u00edt\u00e9si oszt\u00e1llyal. A tekercs \u00e1ttekercsel\u00e9s\u00e9n\u00e9l \u00e9s hosszir\u00e1ny\u00fa has\u00edt\u00e1s\u00e1n\u00e1l a k\u00f6vetkez\u0151 szabv\u00e1nyok szerinti koh\u00e1szati t\u0171r\u00e9sek \u00e9rv\u00e9nyesek:\" \/>\n<meta property=\"og:url\" content=\"https:\/\/impro.yoho.pl\/term\u00e9k\/servicii-de-derulare-si-fasiere\/\" \/>\n<meta property=\"og:site_name\" content=\"IMPRO | THE POWER OF ROOFS\" \/>\n<meta property=\"article:modified_time\" content=\"2022-12-13T12:14:06+00:00\" \/>\n<meta property=\"og:image\" content=\"https:\/\/impro.yoho.pl\/wp-content\/uploads\/2022\/03\/ciecie-i-przewijanie-1.png\" \/>\n\t<meta property=\"og:image:width\" content=\"820\" \/>\n\t<meta property=\"og:image:height\" content=\"547\" \/>\n\t<meta property=\"og:image:type\" content=\"image\/png\" \/>\n<meta name=\"twitter:card\" content=\"summary_large_image\" \/>\n<meta name=\"twitter:label1\" content=\"Est. reading time\" \/>\n\t<meta name=\"twitter:data1\" content=\"1 perc\" \/>\n<script type=\"application\/ld+json\" class=\"yoast-schema-graph\">{\"@context\":\"https:\/\/schema.org\",\"@graph\":[{\"@type\":\"WebPage\",\"@id\":\"https:\/\/impro.yoho.pl\/term\u00e9k\/servicii-de-derulare-si-fasiere\/\",\"url\":\"https:\/\/impro.yoho.pl\/term\u00e9k\/servicii-de-derulare-si-fasiere\/\",\"name\":\"V\u00c1G\u00c1SI \u00c9S \u00c1TTEKERCSEL\u00c9SI SZOLG\u00c1LTAT\u00c1SOK - IMPRO | THE POWER OF ROOFS\",\"isPartOf\":{\"@id\":\"https:\/\/impro.yoho.pl\/#website\"},\"primaryImageOfPage\":{\"@id\":\"https:\/\/impro.yoho.pl\/term\u00e9k\/servicii-de-derulare-si-fasiere\/#primaryimage\"},\"image\":{\"@id\":\"https:\/\/impro.yoho.pl\/term\u00e9k\/servicii-de-derulare-si-fasiere\/#primaryimage\"},\"thumbnailUrl\":\"https:\/\/impro.yoho.pl\/wp-content\/uploads\/2022\/03\/ciecie-i-przewijanie-1.png\",\"datePublished\":\"2022-03-23T09:08:47+00:00\",\"dateModified\":\"2022-12-13T12:14:06+00:00\",\"breadcrumb\":{\"@id\":\"https:\/\/impro.yoho.pl\/term\u00e9k\/servicii-de-derulare-si-fasiere\/#breadcrumb\"},\"inLanguage\":\"hu\",\"potentialAction\":[{\"@type\":\"ReadAction\",\"target\":[\"https:\/\/impro.yoho.pl\/term\u00e9k\/servicii-de-derulare-si-fasiere\/\"]}]},{\"@type\":\"ImageObject\",\"inLanguage\":\"hu\",\"@id\":\"https:\/\/impro.yoho.pl\/term\u00e9k\/servicii-de-derulare-si-fasiere\/#primaryimage\",\"url\":\"https:\/\/impro.yoho.pl\/wp-content\/uploads\/2022\/03\/ciecie-i-przewijanie-1.png\",\"contentUrl\":\"https:\/\/impro.yoho.pl\/wp-content\/uploads\/2022\/03\/ciecie-i-przewijanie-1.png\",\"width\":820,\"height\":547},{\"@type\":\"BreadcrumbList\",\"@id\":\"https:\/\/impro.yoho.pl\/term\u00e9k\/servicii-de-derulare-si-fasiere\/#breadcrumb\",\"itemListElement\":[{\"@type\":\"ListItem\",\"position\":1,\"name\":\"Home\",\"item\":\"https:\/\/impro.yoho.pl\/\"},{\"@type\":\"ListItem\",\"position\":2,\"name\":\"V\u00c1G\u00c1SI \u00c9S \u00c1TTEKERCSEL\u00c9SI SZOLG\u00c1LTAT\u00c1SOK\"}]},{\"@type\":\"WebSite\",\"@id\":\"https:\/\/impro.yoho.pl\/#website\",\"url\":\"https:\/\/impro.yoho.pl\/\",\"name\":\"IMPRO | THE POWER OF ROOFS\",\"description\":\"Kompletne rozwi\u0105zania dachowe i elewacyjne\",\"potentialAction\":[{\"@type\":\"SearchAction\",\"target\":{\"@type\":\"EntryPoint\",\"urlTemplate\":\"https:\/\/impro.yoho.pl\/?s={search_term_string}\"},\"query-input\":\"required name=search_term_string\"}],\"inLanguage\":\"hu\"}]}<\/script>\n<!-- \/ Yoast SEO plugin. -->","yoast_head_json":{"title":"V\u00c1G\u00c1SI \u00c9S \u00c1TTEKERCSEL\u00c9SI SZOLG\u00c1LTAT\u00c1SOK - IMPRO | THE POWER OF ROOFS","robots":{"index":"noindex","follow":"follow","max-snippet":"max-snippet:-1","max-image-preview":"max-image-preview:large","max-video-preview":"max-video-preview:-1"},"og_locale":"hu_HU","og_type":"article","og_title":"V\u00c1G\u00c1SI \u00c9S \u00c1TTEKERCSEL\u00c9SI SZOLG\u00c1LTAT\u00c1SOK - IMPRO | THE POWER OF ROOFS","og_description":"* A bemutatott adatok a BP2 k\u00edn\u00e1latb\u00f3l sz\u00e1rmaz\u00f3 alapanyagra vonatkoznak. A megb\u00edz\u00f3k \u00e1ltal biztos\u00edtott anyag param\u00e9tereinek egyeztet\u00e9s\u00e9hez konzult\u00e1lnia kell az \u00e9rt\u00e9kes\u00edt\u00e9si oszt\u00e1llyal. A tekercs \u00e1ttekercsel\u00e9s\u00e9n\u00e9l \u00e9s hosszir\u00e1ny\u00fa has\u00edt\u00e1s\u00e1n\u00e1l a k\u00f6vetkez\u0151 szabv\u00e1nyok szerinti koh\u00e1szati t\u0171r\u00e9sek \u00e9rv\u00e9nyesek:","og_url":"https:\/\/impro.yoho.pl\/term\u00e9k\/servicii-de-derulare-si-fasiere\/","og_site_name":"IMPRO | THE POWER OF ROOFS","article_modified_time":"2022-12-13T12:14:06+00:00","og_image":[{"width":820,"height":547,"url":"https:\/\/impro.yoho.pl\/wp-content\/uploads\/2022\/03\/ciecie-i-przewijanie-1.png","type":"image\/png"}],"twitter_card":"summary_large_image","twitter_misc":{"Est. reading time":"1 perc"},"schema":{"@context":"https:\/\/schema.org","@graph":[{"@type":"WebPage","@id":"https:\/\/impro.yoho.pl\/term\u00e9k\/servicii-de-derulare-si-fasiere\/","url":"https:\/\/impro.yoho.pl\/term\u00e9k\/servicii-de-derulare-si-fasiere\/","name":"V\u00c1G\u00c1SI \u00c9S \u00c1TTEKERCSEL\u00c9SI SZOLG\u00c1LTAT\u00c1SOK - IMPRO | THE POWER OF ROOFS","isPartOf":{"@id":"https:\/\/impro.yoho.pl\/#website"},"primaryImageOfPage":{"@id":"https:\/\/impro.yoho.pl\/term\u00e9k\/servicii-de-derulare-si-fasiere\/#primaryimage"},"image":{"@id":"https:\/\/impro.yoho.pl\/term\u00e9k\/servicii-de-derulare-si-fasiere\/#primaryimage"},"thumbnailUrl":"https:\/\/impro.yoho.pl\/wp-content\/uploads\/2022\/03\/ciecie-i-przewijanie-1.png","datePublished":"2022-03-23T09:08:47+00:00","dateModified":"2022-12-13T12:14:06+00:00","breadcrumb":{"@id":"https:\/\/impro.yoho.pl\/term\u00e9k\/servicii-de-derulare-si-fasiere\/#breadcrumb"},"inLanguage":"hu","potentialAction":[{"@type":"ReadAction","target":["https:\/\/impro.yoho.pl\/term\u00e9k\/servicii-de-derulare-si-fasiere\/"]}]},{"@type":"ImageObject","inLanguage":"hu","@id":"https:\/\/impro.yoho.pl\/term\u00e9k\/servicii-de-derulare-si-fasiere\/#primaryimage","url":"https:\/\/impro.yoho.pl\/wp-content\/uploads\/2022\/03\/ciecie-i-przewijanie-1.png","contentUrl":"https:\/\/impro.yoho.pl\/wp-content\/uploads\/2022\/03\/ciecie-i-przewijanie-1.png","width":820,"height":547},{"@type":"BreadcrumbList","@id":"https:\/\/impro.yoho.pl\/term\u00e9k\/servicii-de-derulare-si-fasiere\/#breadcrumb","itemListElement":[{"@type":"ListItem","position":1,"name":"Home","item":"https:\/\/impro.yoho.pl\/"},{"@type":"ListItem","position":2,"name":"V\u00c1G\u00c1SI \u00c9S \u00c1TTEKERCSEL\u00c9SI SZOLG\u00c1LTAT\u00c1SOK"}]},{"@type":"WebSite","@id":"https:\/\/impro.yoho.pl\/#website","url":"https:\/\/impro.yoho.pl\/","name":"IMPRO | THE POWER OF ROOFS","description":"Kompletne rozwi\u0105zania dachowe i elewacyjne","potentialAction":[{"@type":"SearchAction","target":{"@type":"EntryPoint","urlTemplate":"https:\/\/impro.yoho.pl\/?s={search_term_string}"},"query-input":"required name=search_term_string"}],"inLanguage":"hu"}]}},"_links":{"self":[{"href":"https:\/\/impro.yoho.pl\/hu\/wp-json\/wp\/v2\/product\/33620"}],"collection":[{"href":"https:\/\/impro.yoho.pl\/hu\/wp-json\/wp\/v2\/product"}],"about":[{"href":"https:\/\/impro.yoho.pl\/hu\/wp-json\/wp\/v2\/types\/product"}],"wp:featuredmedia":[{"embeddable":true,"href":"https:\/\/impro.yoho.pl\/hu\/wp-json\/wp\/v2\/media\/17158"}],"wp:attachment":[{"href":"https:\/\/impro.yoho.pl\/hu\/wp-json\/wp\/v2\/media?parent=33620"}],"wp:term":[{"taxonomy":"product_category","embeddable":true,"href":"https:\/\/impro.yoho.pl\/hu\/wp-json\/wp\/v2\/product_category?post=33620"},{"taxonomy":"warranty","embeddable":true,"href":"https:\/\/impro.yoho.pl\/hu\/wp-json\/wp\/v2\/warranty?post=33620"},{"taxonomy":"product_serie","embeddable":true,"href":"https:\/\/impro.yoho.pl\/hu\/wp-json\/wp\/v2\/product_serie?post=33620"}],"curies":[{"name":"wp","href":"https:\/\/api.w.org\/{rel}","templated":true}]}}